{"id":351665,"date":"2024-03-01T23:09:03","date_gmt":"2024-03-01T22:09:03","guid":{"rendered":"https:\/\/gajostest.a2hosted.com\/eshop\/spirotek-vs2200cv-resp-ffp2-ov-ven-10bal\/"},"modified":"2026-04-15T22:00:55","modified_gmt":"2026-04-15T20:00:55","slug":"spirotek-vs2200cv-resp-ffp2-ov-ven-10bal","status":"publish","type":"product","link":"https:\/\/gajos.sk\/eshop\/p\/spirotek-vs2200cv-resp-ffp2-ov-ven-10bal\/","title":{"rendered":"SPIROTEK VS2200CV resp.FFP2 OV ven.10BAL"},"content":{"rendered":"","protected":false},"excerpt":{"rendered":"<p>Respir\u00e1tor s ventilom TyphoonTM a vrstvou akt\u00edvneho uhlia proti netoxick\u00fdm pevn\u00fdm \u010dasticiam a kvapaln\u00fdm aeros\u00f3lom v koncentr\u00e1ci\u00e1ch do 12x NPK\/PEL, ochrana proti organick\u00fdm par\u00e1m pod NKP. EN149:2001+A12009, GOCT P 12.4.191-99, TP TC 019\/2011<\/p>\n","protected":false},"featured_media":351667,"template":"","meta":{"_acf_changed":false,"inline_featured_image":false},"product_brand":[],"product_cat":[2148,2146,2147,2128],"product_tag":[2537],"class_list":{"0":"post-351665","1":"product","2":"type-product","3":"status-publish","4":"has-post-thumbnail","6":"product_cat-ffp2","7":"product_cat-ochrana-dychacich-ciest","8":"product_cat-respiratory","9":"product_cat-ochranne-pomocky","10":"product_tag-spirotek","11":"pa_velkost-uni","13":"first","14":"instock","15":"taxable","16":"shipping-taxable","17":"product-type-variable"},"acf":[],"_links":{"self":[{"href":"https:\/\/gajos.sk\/eshop\/wp-json\/wp\/v2\/product\/351665","targetHints":{"allow":["GET"]}}],"collection":[{"href":"https:\/\/gajos.sk\/eshop\/wp-json\/wp\/v2\/product"}],"about":[{"href":"https:\/\/gajos.sk\/eshop\/wp-json\/wp\/v2\/types\/product"}],"wp:featuredmedia":[{"embeddable":true,"href":"https:\/\/gajos.sk\/eshop\/wp-json\/wp\/v2\/media\/351667"}],"wp:attachment":[{"href":"https:\/\/gajos.sk\/eshop\/wp-json\/wp\/v2\/media?parent=351665"}],"wp:term":[{"taxonomy":"product_brand","embeddable":true,"href":"https:\/\/gajos.sk\/eshop\/wp-json\/wp\/v2\/product_brand?post=351665"},{"taxonomy":"product_cat","embeddable":true,"href":"https:\/\/gajos.sk\/eshop\/wp-json\/wp\/v2\/product_cat?post=351665"},{"taxonomy":"product_tag","embeddable":true,"href":"https:\/\/gajos.sk\/eshop\/wp-json\/wp\/v2\/product_tag?post=351665"}],"curies":[{"name":"wp","href":"https:\/\/api.w.org\/{rel}","templated":true}]}}