{"id":351659,"date":"2024-03-01T23:08:00","date_gmt":"2024-03-01T22:08:00","guid":{"rendered":"https:\/\/gajostest.a2hosted.com\/eshop\/spirotek-vs2100-resp-ffp1-20ks-box\/"},"modified":"2026-05-07T21:54:28","modified_gmt":"2026-05-07T19:54:28","slug":"spirotek-vs2100-resp-ffp1-20ks-box","status":"publish","type":"product","link":"https:\/\/gajos.sk\/eshop\/p\/spirotek-vs2100-resp-ffp1-20ks-box\/","title":{"rendered":"SPIROTEK VS2100 resp. FFP1 20ks\/box"},"content":{"rendered":"","protected":false},"excerpt":{"rendered":"<p>Respir\u00e1tor FFP1 proti netoxick\u00fdm pevn\u00fdm \u010dasticiam a kvapaln\u00fdm aeros\u00f3lom v koncentr\u00e1ci\u00e1ch do 4,5x NPK\/PEL. EN149:2001+A12009, ?OCT P 12.4.191-99, TP TC 019\/2011<\/p>\n","protected":false},"featured_media":351661,"template":"","meta":{"_acf_changed":false,"inline_featured_image":false},"product_brand":[],"product_cat":[2146,2147,2148,2128],"product_tag":[2537],"class_list":{"0":"post-351659","1":"product","2":"type-product","3":"status-publish","4":"has-post-thumbnail","6":"product_cat-ochrana-dychacich-ciest","7":"product_cat-respiratory","8":"product_cat-ffp2","9":"product_cat-ochranne-pomocky","10":"product_tag-spirotek","11":"pa_velkost-uni","13":"first","14":"instock","15":"taxable","16":"shipping-taxable","17":"purchasable","18":"product-type-variable"},"acf":[],"_links":{"self":[{"href":"https:\/\/gajos.sk\/eshop\/wp-json\/wp\/v2\/product\/351659","targetHints":{"allow":["GET"]}}],"collection":[{"href":"https:\/\/gajos.sk\/eshop\/wp-json\/wp\/v2\/product"}],"about":[{"href":"https:\/\/gajos.sk\/eshop\/wp-json\/wp\/v2\/types\/product"}],"wp:featuredmedia":[{"embeddable":true,"href":"https:\/\/gajos.sk\/eshop\/wp-json\/wp\/v2\/media\/351661"}],"wp:attachment":[{"href":"https:\/\/gajos.sk\/eshop\/wp-json\/wp\/v2\/media?parent=351659"}],"wp:term":[{"taxonomy":"product_brand","embeddable":true,"href":"https:\/\/gajos.sk\/eshop\/wp-json\/wp\/v2\/product_brand?post=351659"},{"taxonomy":"product_cat","embeddable":true,"href":"https:\/\/gajos.sk\/eshop\/wp-json\/wp\/v2\/product_cat?post=351659"},{"taxonomy":"product_tag","embeddable":true,"href":"https:\/\/gajos.sk\/eshop\/wp-json\/wp\/v2\/product_tag?post=351659"}],"curies":[{"name":"wp","href":"https:\/\/api.w.org\/{rel}","templated":true}]}}