{"id":351646,"date":"2024-03-01T23:07:51","date_gmt":"2024-03-01T22:07:51","guid":{"rendered":"https:\/\/gajostest.a2hosted.com\/eshop\/3m-8833-resp-ffp3-s-vent\/"},"modified":"2026-04-15T22:00:55","modified_gmt":"2026-04-15T20:00:55","slug":"3m-8833-resp-ffp3-s-vent","status":"publish","type":"product","link":"https:\/\/gajos.sk\/eshop\/p\/3m-8833-resp-ffp3-s-vent\/","title":{"rendered":"3M 8833 resp.FFP3 s vent."},"content":{"rendered":"","protected":false},"excerpt":{"rendered":"<p>Filtra\u010dn\u00e1 polomaska \u200b\u200bP3, s ventilom. Chr\u00e1ni pred jemn\u00fdm prachom, kvapaln\u00fdmi aeros\u00f3lmi na b\u00e1ze vody a oleja, ktor\u00e9 sa vyskytuj\u00fa v \u0161irokej \u0161k\u00e1le priemyseln\u00fdch aplik\u00e1ci\u00e1ch aj v in\u00fdch pracovn\u00fdch situ\u00e1ci\u00e1ch vy\u017eaduj\u00facich si ochranu FFP3.<\/p>\n","protected":false},"featured_media":351648,"template":"","meta":{"_acf_changed":false,"inline_featured_image":false},"product_brand":[],"product_cat":[2146,2147,2148,2128],"product_tag":[1275],"class_list":{"0":"post-351646","1":"product","2":"type-product","3":"status-publish","4":"has-post-thumbnail","6":"product_cat-ochrana-dychacich-ciest","7":"product_cat-respiratory","8":"product_cat-ffp2","9":"product_cat-ochranne-pomocky","10":"product_tag-3m","11":"pa_velkost-uni","13":"first","14":"instock","15":"taxable","16":"shipping-taxable","17":"purchasable","18":"product-type-variable"},"acf":[],"_links":{"self":[{"href":"https:\/\/gajos.sk\/eshop\/wp-json\/wp\/v2\/product\/351646","targetHints":{"allow":["GET"]}}],"collection":[{"href":"https:\/\/gajos.sk\/eshop\/wp-json\/wp\/v2\/product"}],"about":[{"href":"https:\/\/gajos.sk\/eshop\/wp-json\/wp\/v2\/types\/product"}],"wp:featuredmedia":[{"embeddable":true,"href":"https:\/\/gajos.sk\/eshop\/wp-json\/wp\/v2\/media\/351648"}],"wp:attachment":[{"href":"https:\/\/gajos.sk\/eshop\/wp-json\/wp\/v2\/media?parent=351646"}],"wp:term":[{"taxonomy":"product_brand","embeddable":true,"href":"https:\/\/gajos.sk\/eshop\/wp-json\/wp\/v2\/product_brand?post=351646"},{"taxonomy":"product_cat","embeddable":true,"href":"https:\/\/gajos.sk\/eshop\/wp-json\/wp\/v2\/product_cat?post=351646"},{"taxonomy":"product_tag","embeddable":true,"href":"https:\/\/gajos.sk\/eshop\/wp-json\/wp\/v2\/product_tag?post=351646"}],"curies":[{"name":"wp","href":"https:\/\/api.w.org\/{rel}","templated":true}]}}