{"id":351634,"date":"2024-03-01T23:07:42","date_gmt":"2024-03-01T22:07:42","guid":{"rendered":"https:\/\/gajostest.a2hosted.com\/eshop\/jsp-flexinet-ffp2-822-resp-s-vent-10-bal\/"},"modified":"2026-04-15T22:00:55","modified_gmt":"2026-04-15T20:00:55","slug":"jsp-flexinet-ffp2-822-resp-s-vent-10-bal","status":"publish","type":"product","link":"https:\/\/gajos.sk\/eshop\/p\/jsp-flexinet-ffp2-822-resp-s-vent-10-bal\/","title":{"rendered":"JSP Flexinet FFP2 822 resp.s vent 10\/BAL"},"content":{"rendered":"","protected":false},"excerpt":{"rendered":"<p>Ergonomicky tvarovan\u00fd respir\u00e1tor s v\u00fddychov\u00fdm ventilom. Proti pevn\u00fdm \u010dasticiam a vodn\u00fdm a olejov\u00fdm aeros\u00f3lom do 10x NPK\/ PEL. Norma: EN149:2001+A1:2009.<\/p>\n","protected":false},"featured_media":351636,"template":"","meta":{"_acf_changed":false,"inline_featured_image":false},"product_brand":[],"product_cat":[2146,2147,2148,2128],"product_tag":[1209],"class_list":{"0":"post-351634","1":"product","2":"type-product","3":"status-publish","4":"has-post-thumbnail","6":"product_cat-ochrana-dychacich-ciest","7":"product_cat-respiratory","8":"product_cat-ffp2","9":"product_cat-ochranne-pomocky","10":"product_tag-jsp","11":"pa_velkost-uni","13":"first","14":"instock","15":"taxable","16":"shipping-taxable","17":"product-type-variable"},"acf":[],"_links":{"self":[{"href":"https:\/\/gajos.sk\/eshop\/wp-json\/wp\/v2\/product\/351634","targetHints":{"allow":["GET"]}}],"collection":[{"href":"https:\/\/gajos.sk\/eshop\/wp-json\/wp\/v2\/product"}],"about":[{"href":"https:\/\/gajos.sk\/eshop\/wp-json\/wp\/v2\/types\/product"}],"wp:featuredmedia":[{"embeddable":true,"href":"https:\/\/gajos.sk\/eshop\/wp-json\/wp\/v2\/media\/351636"}],"wp:attachment":[{"href":"https:\/\/gajos.sk\/eshop\/wp-json\/wp\/v2\/media?parent=351634"}],"wp:term":[{"taxonomy":"product_brand","embeddable":true,"href":"https:\/\/gajos.sk\/eshop\/wp-json\/wp\/v2\/product_brand?post=351634"},{"taxonomy":"product_cat","embeddable":true,"href":"https:\/\/gajos.sk\/eshop\/wp-json\/wp\/v2\/product_cat?post=351634"},{"taxonomy":"product_tag","embeddable":true,"href":"https:\/\/gajos.sk\/eshop\/wp-json\/wp\/v2\/product_tag?post=351634"}],"curies":[{"name":"wp","href":"https:\/\/api.w.org\/{rel}","templated":true}]}}