{"id":351607,"date":"2024-03-01T23:07:32","date_gmt":"2024-03-01T22:07:32","guid":{"rendered":"https:\/\/gajostest.a2hosted.com\/eshop\/refil-651-ffp3-respirator-skl-ventil\/"},"modified":"2026-04-29T22:06:11","modified_gmt":"2026-04-29T20:06:11","slug":"refil-651-ffp3-respirator-skl-ventil","status":"publish","type":"product","link":"https:\/\/gajos.sk\/eshop\/p\/refil-651-ffp3-respirator-skl-ventil\/","title":{"rendered":"REFIL 651 FFP3 respir\u00e1tor skl.ventil."},"content":{"rendered":"","protected":false},"excerpt":{"rendered":"<p>Skladac\u00ed respir\u00e1tor s v\u00fddychov\u00fdm ventilom do 40x NPK\/PEL, proti pevn\u00fdm \u010dasticiam a kvapaln\u00fdm aeros\u00f3lom, FFP3 NR D (D &#8211; sk\u00fa\u0161ka proti dolomitov\u00e9mu prachu).<\/p>\n","protected":false},"featured_media":351609,"template":"","meta":{"_acf_changed":false,"inline_featured_image":false},"product_brand":[],"product_cat":[2146,2147,2148,2128],"product_tag":[1370],"class_list":{"0":"post-351607","1":"product","2":"type-product","3":"status-publish","4":"has-post-thumbnail","6":"product_cat-ochrana-dychacich-ciest","7":"product_cat-respiratory","8":"product_cat-ffp2","9":"product_cat-ochranne-pomocky","10":"product_tag-refil","12":"first","13":"instock","14":"taxable","15":"shipping-taxable","16":"purchasable","17":"product-type-variable"},"acf":[],"_links":{"self":[{"href":"https:\/\/gajos.sk\/eshop\/wp-json\/wp\/v2\/product\/351607","targetHints":{"allow":["GET"]}}],"collection":[{"href":"https:\/\/gajos.sk\/eshop\/wp-json\/wp\/v2\/product"}],"about":[{"href":"https:\/\/gajos.sk\/eshop\/wp-json\/wp\/v2\/types\/product"}],"wp:featuredmedia":[{"embeddable":true,"href":"https:\/\/gajos.sk\/eshop\/wp-json\/wp\/v2\/media\/351609"}],"wp:attachment":[{"href":"https:\/\/gajos.sk\/eshop\/wp-json\/wp\/v2\/media?parent=351607"}],"wp:term":[{"taxonomy":"product_brand","embeddable":true,"href":"https:\/\/gajos.sk\/eshop\/wp-json\/wp\/v2\/product_brand?post=351607"},{"taxonomy":"product_cat","embeddable":true,"href":"https:\/\/gajos.sk\/eshop\/wp-json\/wp\/v2\/product_cat?post=351607"},{"taxonomy":"product_tag","embeddable":true,"href":"https:\/\/gajos.sk\/eshop\/wp-json\/wp\/v2\/product_tag?post=351607"}],"curies":[{"name":"wp","href":"https:\/\/api.w.org\/{rel}","templated":true}]}}