{"id":351589,"date":"2024-03-01T23:07:13","date_gmt":"2024-03-01T22:07:13","guid":{"rendered":"https:\/\/gajostest.a2hosted.com\/eshop\/refil-731-respirator-ffp2-skl-s-ventil\/"},"modified":"2026-04-29T22:06:11","modified_gmt":"2026-04-29T20:06:11","slug":"refil-731-respirator-ffp2-skl-s-ventil","status":"publish","type":"product","link":"https:\/\/gajos.sk\/eshop\/p\/refil-731-respirator-ffp2-skl-s-ventil\/","title":{"rendered":"REFIL 731 respir\u00e1tor FFP2 skl. s ventil."},"content":{"rendered":"","protected":false},"excerpt":{"rendered":"<p>Skladac\u00ed respir\u00e1tor s v\u00fddychov\u00fdm ventilom do 10x NPK\/PEL, proti pevn\u00fdm \u010dasticiam a vodn\u00fdm aeros\u00f3lom, FFP2 NR.<\/p>\n","protected":false},"featured_media":351591,"template":"","meta":{"_acf_changed":false,"inline_featured_image":false},"product_brand":[],"product_cat":[2148,2146,2147,2128],"product_tag":[1370],"class_list":{"0":"post-351589","1":"product","2":"type-product","3":"status-publish","4":"has-post-thumbnail","6":"product_cat-ffp2","7":"product_cat-ochrana-dychacich-ciest","8":"product_cat-respiratory","9":"product_cat-ochranne-pomocky","10":"product_tag-refil","12":"first","13":"instock","14":"taxable","15":"shipping-taxable","16":"purchasable","17":"product-type-variable"},"acf":[],"_links":{"self":[{"href":"https:\/\/gajos.sk\/eshop\/wp-json\/wp\/v2\/product\/351589","targetHints":{"allow":["GET"]}}],"collection":[{"href":"https:\/\/gajos.sk\/eshop\/wp-json\/wp\/v2\/product"}],"about":[{"href":"https:\/\/gajos.sk\/eshop\/wp-json\/wp\/v2\/types\/product"}],"wp:featuredmedia":[{"embeddable":true,"href":"https:\/\/gajos.sk\/eshop\/wp-json\/wp\/v2\/media\/351591"}],"wp:attachment":[{"href":"https:\/\/gajos.sk\/eshop\/wp-json\/wp\/v2\/media?parent=351589"}],"wp:term":[{"taxonomy":"product_brand","embeddable":true,"href":"https:\/\/gajos.sk\/eshop\/wp-json\/wp\/v2\/product_brand?post=351589"},{"taxonomy":"product_cat","embeddable":true,"href":"https:\/\/gajos.sk\/eshop\/wp-json\/wp\/v2\/product_cat?post=351589"},{"taxonomy":"product_tag","embeddable":true,"href":"https:\/\/gajos.sk\/eshop\/wp-json\/wp\/v2\/product_tag?post=351589"}],"curies":[{"name":"wp","href":"https:\/\/api.w.org\/{rel}","templated":true}]}}