{"id":351562,"date":"2024-03-01T23:07:03","date_gmt":"2024-03-01T22:07:03","guid":{"rendered":"https:\/\/gajostest.a2hosted.com\/eshop\/refil-511-respirator-ffp1-skl-s-ventil\/"},"modified":"2026-04-11T17:51:44","modified_gmt":"2026-04-11T15:51:44","slug":"refil-511-respirator-ffp1-skl-s-ventil","status":"publish","type":"product","link":"https:\/\/gajos.sk\/eshop\/p\/refil-511-respirator-ffp1-skl-s-ventil\/","title":{"rendered":"REFIL 511 respir\u00e1tor FFP1 skl.s ventil."},"content":{"rendered":"","protected":false},"excerpt":{"rendered":"<p>Skladac\u00ed respir\u00e1tor s v\u00fddychov\u00fdm ventilom do 4x NPK\/PEL, proti pevn\u00fdm \u010dasticiam a kvapaln\u00fdm aeros\u00f3lom, FFP1 NR.<\/p>\n","protected":false},"featured_media":351564,"template":"","meta":{"_acf_changed":false,"inline_featured_image":false},"product_brand":[],"product_cat":[2146,2147,2148,2128],"product_tag":[1370],"class_list":{"0":"post-351562","1":"product","2":"type-product","3":"status-publish","4":"has-post-thumbnail","6":"product_cat-ochrana-dychacich-ciest","7":"product_cat-respiratory","8":"product_cat-ffp2","9":"product_cat-ochranne-pomocky","10":"product_tag-refil","12":"first","13":"instock","14":"taxable","15":"shipping-taxable","16":"product-type-variable"},"acf":[],"_links":{"self":[{"href":"https:\/\/gajos.sk\/eshop\/wp-json\/wp\/v2\/product\/351562","targetHints":{"allow":["GET"]}}],"collection":[{"href":"https:\/\/gajos.sk\/eshop\/wp-json\/wp\/v2\/product"}],"about":[{"href":"https:\/\/gajos.sk\/eshop\/wp-json\/wp\/v2\/types\/product"}],"wp:featuredmedia":[{"embeddable":true,"href":"https:\/\/gajos.sk\/eshop\/wp-json\/wp\/v2\/media\/351564"}],"wp:attachment":[{"href":"https:\/\/gajos.sk\/eshop\/wp-json\/wp\/v2\/media?parent=351562"}],"wp:term":[{"taxonomy":"product_brand","embeddable":true,"href":"https:\/\/gajos.sk\/eshop\/wp-json\/wp\/v2\/product_brand?post=351562"},{"taxonomy":"product_cat","embeddable":true,"href":"https:\/\/gajos.sk\/eshop\/wp-json\/wp\/v2\/product_cat?post=351562"},{"taxonomy":"product_tag","embeddable":true,"href":"https:\/\/gajos.sk\/eshop\/wp-json\/wp\/v2\/product_tag?post=351562"}],"curies":[{"name":"wp","href":"https:\/\/api.w.org\/{rel}","templated":true}]}}