{"id":351542,"date":"2024-03-01T23:05:52","date_gmt":"2024-03-01T22:05:52","guid":{"rendered":"https:\/\/gajostest.a2hosted.com\/eshop\/3m-9332-resp-ffp3-vent-aura-10-bal\/"},"modified":"2026-04-15T22:00:55","modified_gmt":"2026-04-15T20:00:55","slug":"3m-9332-resp-ffp3-vent-aura-10-bal","status":"publish","type":"product","link":"https:\/\/gajos.sk\/eshop\/p\/3m-9332-resp-ffp3-vent-aura-10-bal\/","title":{"rendered":"3M 9332+ resp.FFP3 vent. Aura 10\/BAL"},"content":{"rendered":"","protected":false},"excerpt":{"rendered":"<p>Skladac\u00ed respir\u00e1tor s v\u00fddychov\u00fdm ventilom do 50x NPK P, FFP3.<br \/>\nRespir\u00e1tory s ozna\u010den\u00edm BLK s\u00fa balen\u00e9 separ\u00e1tne v s\u00e1\u010dku bez krabice.<\/p>\n","protected":false},"featured_media":351544,"template":"","meta":{"_acf_changed":false,"inline_featured_image":false},"product_brand":[],"product_cat":[2146,2147,2148,2128],"product_tag":[1275],"class_list":{"0":"post-351542","1":"product","2":"type-product","3":"status-publish","4":"has-post-thumbnail","6":"product_cat-ochrana-dychacich-ciest","7":"product_cat-respiratory","8":"product_cat-ffp2","9":"product_cat-ochranne-pomocky","10":"product_tag-3m","11":"pa_velkost-uni","13":"first","14":"instock","15":"taxable","16":"shipping-taxable","17":"purchasable","18":"product-type-variable"},"acf":[],"_links":{"self":[{"href":"https:\/\/gajos.sk\/eshop\/wp-json\/wp\/v2\/product\/351542","targetHints":{"allow":["GET"]}}],"collection":[{"href":"https:\/\/gajos.sk\/eshop\/wp-json\/wp\/v2\/product"}],"about":[{"href":"https:\/\/gajos.sk\/eshop\/wp-json\/wp\/v2\/types\/product"}],"wp:featuredmedia":[{"embeddable":true,"href":"https:\/\/gajos.sk\/eshop\/wp-json\/wp\/v2\/media\/351544"}],"wp:attachment":[{"href":"https:\/\/gajos.sk\/eshop\/wp-json\/wp\/v2\/media?parent=351542"}],"wp:term":[{"taxonomy":"product_brand","embeddable":true,"href":"https:\/\/gajos.sk\/eshop\/wp-json\/wp\/v2\/product_brand?post=351542"},{"taxonomy":"product_cat","embeddable":true,"href":"https:\/\/gajos.sk\/eshop\/wp-json\/wp\/v2\/product_cat?post=351542"},{"taxonomy":"product_tag","embeddable":true,"href":"https:\/\/gajos.sk\/eshop\/wp-json\/wp\/v2\/product_tag?post=351542"}],"curies":[{"name":"wp","href":"https:\/\/api.w.org\/{rel}","templated":true}]}}