{"id":351522,"date":"2024-03-01T23:05:43","date_gmt":"2024-03-01T22:05:43","guid":{"rendered":"https:\/\/gajostest.a2hosted.com\/eshop\/3m-8825-resp-ffp2d-vent-premium-5-bal\/"},"modified":"2026-04-19T07:12:54","modified_gmt":"2026-04-19T05:12:54","slug":"3m-8825-resp-ffp2d-vent-premium-5-bal","status":"publish","type":"product","link":"https:\/\/gajos.sk\/eshop\/p\/3m-8825-resp-ffp2d-vent-premium-5-bal\/","title":{"rendered":"3M 8825+ resp.FFP2D vent.Premium 5\/BAL"},"content":{"rendered":"","protected":false},"excerpt":{"rendered":"<p>Respir\u00e1tor s v\u00fddychov\u00fdm ventilom a m\u00e4kk\u00fdm utesnen\u00edm do 12x NPK P, FFP2.<\/p>\n","protected":false},"featured_media":351524,"template":"","meta":{"_acf_changed":false,"inline_featured_image":false},"product_brand":[],"product_cat":[2146,2147,2148,2128],"product_tag":[1275],"class_list":{"0":"post-351522","1":"product","2":"type-product","3":"status-publish","4":"has-post-thumbnail","6":"product_cat-ochrana-dychacich-ciest","7":"product_cat-respiratory","8":"product_cat-ffp2","9":"product_cat-ochranne-pomocky","10":"product_tag-3m","11":"pa_velkost-uni","13":"first","14":"instock","15":"taxable","16":"shipping-taxable","17":"purchasable","18":"product-type-variable"},"acf":[],"_links":{"self":[{"href":"https:\/\/gajos.sk\/eshop\/wp-json\/wp\/v2\/product\/351522","targetHints":{"allow":["GET"]}}],"collection":[{"href":"https:\/\/gajos.sk\/eshop\/wp-json\/wp\/v2\/product"}],"about":[{"href":"https:\/\/gajos.sk\/eshop\/wp-json\/wp\/v2\/types\/product"}],"wp:featuredmedia":[{"embeddable":true,"href":"https:\/\/gajos.sk\/eshop\/wp-json\/wp\/v2\/media\/351524"}],"wp:attachment":[{"href":"https:\/\/gajos.sk\/eshop\/wp-json\/wp\/v2\/media?parent=351522"}],"wp:term":[{"taxonomy":"product_brand","embeddable":true,"href":"https:\/\/gajos.sk\/eshop\/wp-json\/wp\/v2\/product_brand?post=351522"},{"taxonomy":"product_cat","embeddable":true,"href":"https:\/\/gajos.sk\/eshop\/wp-json\/wp\/v2\/product_cat?post=351522"},{"taxonomy":"product_tag","embeddable":true,"href":"https:\/\/gajos.sk\/eshop\/wp-json\/wp\/v2\/product_tag?post=351522"}],"curies":[{"name":"wp","href":"https:\/\/api.w.org\/{rel}","templated":true}]}}