{"id":351513,"date":"2024-03-01T23:05:33","date_gmt":"2024-03-01T22:05:33","guid":{"rendered":"https:\/\/gajostest.a2hosted.com\/eshop\/3m-8810-respirator-ffp2-20-bal\/"},"modified":"2026-04-16T23:00:48","modified_gmt":"2026-04-16T21:00:48","slug":"3m-8810-respirator-ffp2-20-bal","status":"publish","type":"product","link":"https:\/\/gajos.sk\/eshop\/p\/3m-8810-respirator-ffp2-20-bal\/","title":{"rendered":"3M 8810 respir\u00e1tor FFP2 20\/BAL"},"content":{"rendered":"","protected":false},"excerpt":{"rendered":"<p>Respir\u00e1tor mu\u0161\u013eov\u00e9ho tvaru do 12x NPK P, FFP2.<\/p>\n","protected":false},"featured_media":351515,"template":"","meta":{"_acf_changed":false,"inline_featured_image":false},"product_brand":[],"product_cat":[2146,2147,2148,2128],"product_tag":[1275],"class_list":{"0":"post-351513","1":"product","2":"type-product","3":"status-publish","4":"has-post-thumbnail","6":"product_cat-ochrana-dychacich-ciest","7":"product_cat-respiratory","8":"product_cat-ffp2","9":"product_cat-ochranne-pomocky","10":"product_tag-3m","11":"pa_velkost-uni","13":"first","14":"instock","15":"taxable","16":"shipping-taxable","17":"purchasable","18":"product-type-variable"},"acf":[],"_links":{"self":[{"href":"https:\/\/gajos.sk\/eshop\/wp-json\/wp\/v2\/product\/351513","targetHints":{"allow":["GET"]}}],"collection":[{"href":"https:\/\/gajos.sk\/eshop\/wp-json\/wp\/v2\/product"}],"about":[{"href":"https:\/\/gajos.sk\/eshop\/wp-json\/wp\/v2\/types\/product"}],"wp:featuredmedia":[{"embeddable":true,"href":"https:\/\/gajos.sk\/eshop\/wp-json\/wp\/v2\/media\/351515"}],"wp:attachment":[{"href":"https:\/\/gajos.sk\/eshop\/wp-json\/wp\/v2\/media?parent=351513"}],"wp:term":[{"taxonomy":"product_brand","embeddable":true,"href":"https:\/\/gajos.sk\/eshop\/wp-json\/wp\/v2\/product_brand?post=351513"},{"taxonomy":"product_cat","embeddable":true,"href":"https:\/\/gajos.sk\/eshop\/wp-json\/wp\/v2\/product_cat?post=351513"},{"taxonomy":"product_tag","embeddable":true,"href":"https:\/\/gajos.sk\/eshop\/wp-json\/wp\/v2\/product_tag?post=351513"}],"curies":[{"name":"wp","href":"https:\/\/api.w.org\/{rel}","templated":true}]}}