{"id":351468,"date":"2024-03-01T23:05:04","date_gmt":"2024-03-01T22:05:04","guid":{"rendered":"https:\/\/gajostest.a2hosted.com\/eshop\/potna-paska-10ks-alpinworker-pro\/"},"modified":"2026-05-07T21:54:28","modified_gmt":"2026-05-07T19:54:28","slug":"potna-paska-10ks-alpinworker-pro","status":"publish","type":"product","link":"https:\/\/gajos.sk\/eshop\/p\/potna-paska-10ks-alpinworker-pro\/","title":{"rendered":"Potn\u00e1 p\u00e1ska (10ks) ALPINWORKER PRO"},"content":{"rendered":"","protected":false},"excerpt":{"rendered":"<p>Kompatibiln\u00e9 iba s prilbou ALPINWORKER PRO CLIMB ventilovan\u00e1 a ALPINWORKER PRO neventilovan\u00e1<\/p>\n","protected":false},"featured_media":351470,"template":"","meta":{"_acf_changed":false,"inline_featured_image":false},"product_brand":[],"product_cat":[2439,2144,2128],"product_tag":[1179],"class_list":{"0":"post-351468","1":"product","2":"type-product","3":"status-publish","4":"has-post-thumbnail","6":"product_cat-prislusenstvo-ochrana-hlavy","7":"product_cat-ochrana-hlavy","8":"product_cat-ochranne-pomocky","9":"product_tag-cerva","10":"pa_velkost-uni","12":"first","13":"instock","14":"taxable","15":"shipping-taxable","16":"purchasable","17":"product-type-variable"},"acf":[],"_links":{"self":[{"href":"https:\/\/gajos.sk\/eshop\/wp-json\/wp\/v2\/product\/351468","targetHints":{"allow":["GET"]}}],"collection":[{"href":"https:\/\/gajos.sk\/eshop\/wp-json\/wp\/v2\/product"}],"about":[{"href":"https:\/\/gajos.sk\/eshop\/wp-json\/wp\/v2\/types\/product"}],"wp:featuredmedia":[{"embeddable":true,"href":"https:\/\/gajos.sk\/eshop\/wp-json\/wp\/v2\/media\/351470"}],"wp:attachment":[{"href":"https:\/\/gajos.sk\/eshop\/wp-json\/wp\/v2\/media?parent=351468"}],"wp:term":[{"taxonomy":"product_brand","embeddable":true,"href":"https:\/\/gajos.sk\/eshop\/wp-json\/wp\/v2\/product_brand?post=351468"},{"taxonomy":"product_cat","embeddable":true,"href":"https:\/\/gajos.sk\/eshop\/wp-json\/wp\/v2\/product_cat?post=351468"},{"taxonomy":"product_tag","embeddable":true,"href":"https:\/\/gajos.sk\/eshop\/wp-json\/wp\/v2\/product_tag?post=351468"}],"curies":[{"name":"wp","href":"https:\/\/api.w.org\/{rel}","templated":true}]}}