{"id":351462,"date":"2024-03-01T23:05:04","date_gmt":"2024-03-01T22:05:04","guid":{"rendered":"https:\/\/gajostest.a2hosted.com\/eshop\/4-b-pdb-pasek-alpinworker-pro-climb-vent\/"},"modified":"2026-05-07T21:54:28","modified_gmt":"2026-05-07T19:54:28","slug":"4-b-pdb-pasek-alpinworker-pro-climb-vent","status":"publish","type":"product","link":"https:\/\/gajos.sk\/eshop\/p\/4-b-pdb-pasek-alpinworker-pro-climb-vent\/","title":{"rendered":"4-b.pdb.p\u00e1sek ALPINWORKER PRO CLIMB VENT"},"content":{"rendered":"","protected":false},"excerpt":{"rendered":"<p>Kompatibiln\u00e9 iba s prilbou ALPINWORKER PRO CLIMB ventilovan\u00e1<\/p>\n","protected":false},"featured_media":351464,"template":"","meta":{"_acf_changed":false,"inline_featured_image":false},"product_brand":[],"product_cat":[2175],"product_tag":[1179],"class_list":{"0":"post-351462","1":"product","2":"type-product","3":"status-publish","4":"has-post-thumbnail","6":"product_cat-produkty","7":"product_tag-cerva","8":"pa_velkost-uni","10":"first","11":"instock","12":"taxable","13":"shipping-taxable","14":"purchasable","15":"product-type-variable"},"acf":[],"_links":{"self":[{"href":"https:\/\/gajos.sk\/eshop\/wp-json\/wp\/v2\/product\/351462","targetHints":{"allow":["GET"]}}],"collection":[{"href":"https:\/\/gajos.sk\/eshop\/wp-json\/wp\/v2\/product"}],"about":[{"href":"https:\/\/gajos.sk\/eshop\/wp-json\/wp\/v2\/types\/product"}],"wp:featuredmedia":[{"embeddable":true,"href":"https:\/\/gajos.sk\/eshop\/wp-json\/wp\/v2\/media\/351464"}],"wp:attachment":[{"href":"https:\/\/gajos.sk\/eshop\/wp-json\/wp\/v2\/media?parent=351462"}],"wp:term":[{"taxonomy":"product_brand","embeddable":true,"href":"https:\/\/gajos.sk\/eshop\/wp-json\/wp\/v2\/product_brand?post=351462"},{"taxonomy":"product_cat","embeddable":true,"href":"https:\/\/gajos.sk\/eshop\/wp-json\/wp\/v2\/product_cat?post=351462"},{"taxonomy":"product_tag","embeddable":true,"href":"https:\/\/gajos.sk\/eshop\/wp-json\/wp\/v2\/product_tag?post=351462"}],"curies":[{"name":"wp","href":"https:\/\/api.w.org\/{rel}","templated":true}]}}