{"id":351459,"date":"2024-03-01T23:05:04","date_gmt":"2024-03-01T22:05:04","guid":{"rendered":"https:\/\/gajostest.a2hosted.com\/eshop\/jsp-deluxe-podbradni-pasek-evo\/"},"modified":"2026-04-20T00:56:38","modified_gmt":"2026-04-19T22:56:38","slug":"jsp-deluxe-podbradni-pasek-evo","status":"publish","type":"product","link":"https:\/\/gajos.sk\/eshop\/p\/jsp-deluxe-podbradni-pasek-evo\/","title":{"rendered":"JSP Deluxe podbradn\u00ed p\u00e1sek EVO"},"content":{"rendered":"","protected":false},"excerpt":{"rendered":"<p>Luxusn\u00ed podbradn\u00ed \u0159em\u00ednek s podbradn\u00edkem, kter\u00fd se automaticky uvoln\u00ed silou mezi 150 a 250 Newtony. Vhodn\u00e9 pro v\u0161echny bezpe\u010dnostn\u00ed p\u0159ilby Evolution\u00ae.<\/p>\n","protected":false},"featured_media":351461,"template":"","meta":{"_acf_changed":false,"inline_featured_image":false},"product_brand":[],"product_cat":[2175],"product_tag":[1209],"class_list":{"0":"post-351459","1":"product","2":"type-product","3":"status-publish","4":"has-post-thumbnail","6":"product_cat-produkty","7":"product_tag-jsp","8":"pa_velkost-uni","10":"first","11":"instock","12":"taxable","13":"shipping-taxable","14":"purchasable","15":"product-type-variable"},"acf":[],"_links":{"self":[{"href":"https:\/\/gajos.sk\/eshop\/wp-json\/wp\/v2\/product\/351459","targetHints":{"allow":["GET"]}}],"collection":[{"href":"https:\/\/gajos.sk\/eshop\/wp-json\/wp\/v2\/product"}],"about":[{"href":"https:\/\/gajos.sk\/eshop\/wp-json\/wp\/v2\/types\/product"}],"wp:featuredmedia":[{"embeddable":true,"href":"https:\/\/gajos.sk\/eshop\/wp-json\/wp\/v2\/media\/351461"}],"wp:attachment":[{"href":"https:\/\/gajos.sk\/eshop\/wp-json\/wp\/v2\/media?parent=351459"}],"wp:term":[{"taxonomy":"product_brand","embeddable":true,"href":"https:\/\/gajos.sk\/eshop\/wp-json\/wp\/v2\/product_brand?post=351459"},{"taxonomy":"product_cat","embeddable":true,"href":"https:\/\/gajos.sk\/eshop\/wp-json\/wp\/v2\/product_cat?post=351459"},{"taxonomy":"product_tag","embeddable":true,"href":"https:\/\/gajos.sk\/eshop\/wp-json\/wp\/v2\/product_tag?post=351459"}],"curies":[{"name":"wp","href":"https:\/\/api.w.org\/{rel}","templated":true}]}}