{"id":351445,"date":"2024-03-01T23:04:01","date_gmt":"2024-03-01T22:04:01","guid":{"rendered":"https:\/\/gajostest.a2hosted.com\/eshop\/4-bodovy-podbradny-pasik-alpinworker\/"},"modified":"2026-05-07T21:54:28","modified_gmt":"2026-05-07T19:54:28","slug":"4-bodovy-podbradny-pasik-alpinworker","status":"publish","type":"product","link":"https:\/\/gajos.sk\/eshop\/p\/4-bodovy-podbradny-pasik-alpinworker\/","title":{"rendered":"4-bodov\u00fd podbradn\u00fd p\u00e1sik ALPINWORKER"},"content":{"rendered":"","protected":false},"excerpt":{"rendered":"<p>Podbradn\u00fd p\u00e1sik k prilbe Alpinworker.<\/p>\n","protected":false},"featured_media":351447,"template":"","meta":{"_acf_changed":false,"inline_featured_image":false},"product_brand":[],"product_cat":[2439,2144,2128],"product_tag":[1179],"class_list":{"0":"post-351445","1":"product","2":"type-product","3":"status-publish","4":"has-post-thumbnail","6":"product_cat-prislusenstvo-ochrana-hlavy","7":"product_cat-ochrana-hlavy","8":"product_cat-ochranne-pomocky","9":"product_tag-cerva","10":"pa_velkost-uni","12":"first","13":"instock","14":"taxable","15":"shipping-taxable","16":"purchasable","17":"product-type-variable"},"acf":[],"_links":{"self":[{"href":"https:\/\/gajos.sk\/eshop\/wp-json\/wp\/v2\/product\/351445","targetHints":{"allow":["GET"]}}],"collection":[{"href":"https:\/\/gajos.sk\/eshop\/wp-json\/wp\/v2\/product"}],"about":[{"href":"https:\/\/gajos.sk\/eshop\/wp-json\/wp\/v2\/types\/product"}],"wp:featuredmedia":[{"embeddable":true,"href":"https:\/\/gajos.sk\/eshop\/wp-json\/wp\/v2\/media\/351447"}],"wp:attachment":[{"href":"https:\/\/gajos.sk\/eshop\/wp-json\/wp\/v2\/media?parent=351445"}],"wp:term":[{"taxonomy":"product_brand","embeddable":true,"href":"https:\/\/gajos.sk\/eshop\/wp-json\/wp\/v2\/product_brand?post=351445"},{"taxonomy":"product_cat","embeddable":true,"href":"https:\/\/gajos.sk\/eshop\/wp-json\/wp\/v2\/product_cat?post=351445"},{"taxonomy":"product_tag","embeddable":true,"href":"https:\/\/gajos.sk\/eshop\/wp-json\/wp\/v2\/product_tag?post=351445"}],"curies":[{"name":"wp","href":"https:\/\/api.w.org\/{rel}","templated":true}]}}