{"id":351439,"date":"2024-03-01T23:03:51","date_gmt":"2024-03-01T22:03:51","guid":{"rendered":"https:\/\/gajostest.a2hosted.com\/eshop\/visilite-led-osvetlenie-prileb-evolite\/"},"modified":"2026-04-20T00:56:38","modified_gmt":"2026-04-19T22:56:38","slug":"visilite-led-osvetlenie-prileb-evolite","status":"publish","type":"product","link":"https:\/\/gajos.sk\/eshop\/p\/visilite-led-osvetlenie-prileb-evolite\/","title":{"rendered":"VISILITE LED osvetlenie p\u0159ileb EVOLITE"},"content":{"rendered":"","protected":false},"excerpt":{"rendered":"<p>Visilite\u2122 led p\u00e1sik bol vyvinut\u00fd kv\u00f4li zv\u00fd\u0161eniu vidite\u013enosti pracovn\u00edkov bez oslnenia ostatn\u00fdch kolegov. 3 r\u00f4zne re\u017eimy svietenia zais\u0165uj\u00fa perfektn\u00fa vidite\u013enos\u0165 u\u017e\u00edvate\u013eov, v\u010faka \u010domu zais\u0165uj\u00fa zv\u00fd\u0161enie bezpe\u010dnosti pri pr\u00e1ci v m\u00e1lo osvetlenom prostred\u00ed.<\/p>\n","protected":false},"featured_media":351441,"template":"","meta":{"_acf_changed":false,"inline_featured_image":false},"product_brand":[],"product_cat":[2439,2144,2128],"product_tag":[1209],"class_list":{"0":"post-351439","1":"product","2":"type-product","3":"status-publish","4":"has-post-thumbnail","6":"product_cat-prislusenstvo-ochrana-hlavy","7":"product_cat-ochrana-hlavy","8":"product_cat-ochranne-pomocky","9":"product_tag-jsp","10":"pa_velkost-uni","12":"first","13":"instock","14":"taxable","15":"shipping-taxable","16":"purchasable","17":"product-type-variable"},"acf":[],"_links":{"self":[{"href":"https:\/\/gajos.sk\/eshop\/wp-json\/wp\/v2\/product\/351439","targetHints":{"allow":["GET"]}}],"collection":[{"href":"https:\/\/gajos.sk\/eshop\/wp-json\/wp\/v2\/product"}],"about":[{"href":"https:\/\/gajos.sk\/eshop\/wp-json\/wp\/v2\/types\/product"}],"wp:featuredmedia":[{"embeddable":true,"href":"https:\/\/gajos.sk\/eshop\/wp-json\/wp\/v2\/media\/351441"}],"wp:attachment":[{"href":"https:\/\/gajos.sk\/eshop\/wp-json\/wp\/v2\/media?parent=351439"}],"wp:term":[{"taxonomy":"product_brand","embeddable":true,"href":"https:\/\/gajos.sk\/eshop\/wp-json\/wp\/v2\/product_brand?post=351439"},{"taxonomy":"product_cat","embeddable":true,"href":"https:\/\/gajos.sk\/eshop\/wp-json\/wp\/v2\/product_cat?post=351439"},{"taxonomy":"product_tag","embeddable":true,"href":"https:\/\/gajos.sk\/eshop\/wp-json\/wp\/v2\/product_tag?post=351439"}],"curies":[{"name":"wp","href":"https:\/\/api.w.org\/{rel}","templated":true}]}}