{"id":351436,"date":"2024-03-01T23:03:51","date_gmt":"2024-03-01T22:03:51","guid":{"rendered":"https:\/\/gajostest.a2hosted.com\/eshop\/jsp-nahlavny-kriz-slip-ratchet-evolite\/"},"modified":"2026-04-20T00:56:38","modified_gmt":"2026-04-19T22:56:38","slug":"jsp-nahlavny-kriz-slip-ratchet-evolite","status":"publish","type":"product","link":"https:\/\/gajos.sk\/eshop\/p\/jsp-nahlavny-kriz-slip-ratchet-evolite\/","title":{"rendered":"JSP n\u00e1hlavn\u00fd kr\u00ed\u017e Slip Ratchet EVOLite"},"content":{"rendered":"","protected":false},"excerpt":{"rendered":"<p>N\u00e1hradn\u00ed n\u00e1hlavn\u00ed k\u0159\u00ed\u017e OneTouch\u2122 pro \u0159adu bezpe\u010dnostn\u00edch p\u0159ileb EVO\u00ae (nepasuje EVO8\u00ae)<\/p>\n","protected":false},"featured_media":351438,"template":"","meta":{"_acf_changed":false,"inline_featured_image":false},"product_brand":[],"product_cat":[2175],"product_tag":[1209],"class_list":{"0":"post-351436","1":"product","2":"type-product","3":"status-publish","4":"has-post-thumbnail","6":"product_cat-produkty","7":"product_tag-jsp","8":"pa_velkost-uni","10":"first","11":"instock","12":"taxable","13":"shipping-taxable","14":"purchasable","15":"product-type-variable"},"acf":[],"_links":{"self":[{"href":"https:\/\/gajos.sk\/eshop\/wp-json\/wp\/v2\/product\/351436","targetHints":{"allow":["GET"]}}],"collection":[{"href":"https:\/\/gajos.sk\/eshop\/wp-json\/wp\/v2\/product"}],"about":[{"href":"https:\/\/gajos.sk\/eshop\/wp-json\/wp\/v2\/types\/product"}],"wp:featuredmedia":[{"embeddable":true,"href":"https:\/\/gajos.sk\/eshop\/wp-json\/wp\/v2\/media\/351438"}],"wp:attachment":[{"href":"https:\/\/gajos.sk\/eshop\/wp-json\/wp\/v2\/media?parent=351436"}],"wp:term":[{"taxonomy":"product_brand","embeddable":true,"href":"https:\/\/gajos.sk\/eshop\/wp-json\/wp\/v2\/product_brand?post=351436"},{"taxonomy":"product_cat","embeddable":true,"href":"https:\/\/gajos.sk\/eshop\/wp-json\/wp\/v2\/product_cat?post=351436"},{"taxonomy":"product_tag","embeddable":true,"href":"https:\/\/gajos.sk\/eshop\/wp-json\/wp\/v2\/product_tag?post=351436"}],"curies":[{"name":"wp","href":"https:\/\/api.w.org\/{rel}","templated":true}]}}