{"id":351433,"date":"2024-03-01T23:03:51","date_gmt":"2024-03-01T22:03:51","guid":{"rendered":"https:\/\/gajostest.a2hosted.com\/eshop\/palladio-kit-nalepky-6ks\/"},"modified":"2026-05-07T21:54:28","modified_gmt":"2026-05-07T19:54:28","slug":"palladio-kit-nalepky-6ks","status":"publish","type":"product","link":"https:\/\/gajos.sk\/eshop\/p\/palladio-kit-nalepky-6ks\/","title":{"rendered":"PALLADIO  KIT n\u00e1lepky (6ks)"},"content":{"rendered":"","protected":false},"excerpt":{"rendered":"<p>6 ks samolepiek z retro-reflexn\u00e9ho materi\u00e1lu, ur\u010den\u00e9 na prilby Palladio.<\/p>\n","protected":false},"featured_media":351435,"template":"","meta":{"_acf_changed":false,"inline_featured_image":false},"product_brand":[],"product_cat":[2439,2144,2128],"product_tag":[1179],"class_list":{"0":"post-351433","1":"product","2":"type-product","3":"status-publish","4":"has-post-thumbnail","6":"product_cat-prislusenstvo-ochrana-hlavy","7":"product_cat-ochrana-hlavy","8":"product_cat-ochranne-pomocky","9":"product_tag-cerva","10":"pa_velkost-uni","12":"first","13":"instock","14":"taxable","15":"shipping-taxable","16":"purchasable","17":"product-type-variable"},"acf":[],"_links":{"self":[{"href":"https:\/\/gajos.sk\/eshop\/wp-json\/wp\/v2\/product\/351433","targetHints":{"allow":["GET"]}}],"collection":[{"href":"https:\/\/gajos.sk\/eshop\/wp-json\/wp\/v2\/product"}],"about":[{"href":"https:\/\/gajos.sk\/eshop\/wp-json\/wp\/v2\/types\/product"}],"wp:featuredmedia":[{"embeddable":true,"href":"https:\/\/gajos.sk\/eshop\/wp-json\/wp\/v2\/media\/351435"}],"wp:attachment":[{"href":"https:\/\/gajos.sk\/eshop\/wp-json\/wp\/v2\/media?parent=351433"}],"wp:term":[{"taxonomy":"product_brand","embeddable":true,"href":"https:\/\/gajos.sk\/eshop\/wp-json\/wp\/v2\/product_brand?post=351433"},{"taxonomy":"product_cat","embeddable":true,"href":"https:\/\/gajos.sk\/eshop\/wp-json\/wp\/v2\/product_cat?post=351433"},{"taxonomy":"product_tag","embeddable":true,"href":"https:\/\/gajos.sk\/eshop\/wp-json\/wp\/v2\/product_tag?post=351433"}],"curies":[{"name":"wp","href":"https:\/\/api.w.org\/{rel}","templated":true}]}}