{"id":351414,"date":"2024-03-01T23:03:37","date_gmt":"2024-03-01T22:03:37","guid":{"rendered":"https:\/\/gajostest.a2hosted.com\/eshop\/jsp-ahv390-002-900-reflex-nalepky-evolit\/"},"modified":"2026-04-20T00:56:38","modified_gmt":"2026-04-19T22:56:38","slug":"jsp-ahv390-002-900-reflex-nalepky-evolit","status":"publish","type":"product","link":"https:\/\/gajos.sk\/eshop\/p\/jsp-ahv390-002-900-reflex-nalepky-evolit\/","title":{"rendered":"JSP AHV390-002-900 Reflex n\u00e1lepky EvoLit"},"content":{"rendered":"","protected":false},"excerpt":{"rendered":"<p>CR2 retororeflexn\u00e9 p\u00e1sky s\u00fa vyroben\u00e9 z retroreflexn\u00e9ho materi\u00e1lu vysokej intenzity pon\u00fakaj\u00face v priemere o 60% viac odr\u00e1\u017eanlivosti ako \u0161tandardn\u00e9 retroreflexn\u00e9 p\u00e1sky. EN12899-1<\/p>\n","protected":false},"featured_media":351413,"template":"","meta":{"_acf_changed":false,"inline_featured_image":false},"product_brand":[],"product_cat":[2439,2144,2128],"product_tag":[1209],"class_list":{"0":"post-351414","1":"product","2":"type-product","3":"status-publish","4":"has-post-thumbnail","6":"product_cat-prislusenstvo-ochrana-hlavy","7":"product_cat-ochrana-hlavy","8":"product_cat-ochranne-pomocky","9":"product_tag-jsp","10":"pa_velkost-uni","12":"first","13":"instock","14":"taxable","15":"shipping-taxable","16":"purchasable","17":"product-type-variable"},"acf":[],"_links":{"self":[{"href":"https:\/\/gajos.sk\/eshop\/wp-json\/wp\/v2\/product\/351414","targetHints":{"allow":["GET"]}}],"collection":[{"href":"https:\/\/gajos.sk\/eshop\/wp-json\/wp\/v2\/product"}],"about":[{"href":"https:\/\/gajos.sk\/eshop\/wp-json\/wp\/v2\/types\/product"}],"wp:featuredmedia":[{"embeddable":true,"href":"https:\/\/gajos.sk\/eshop\/wp-json\/wp\/v2\/media\/351413"}],"wp:attachment":[{"href":"https:\/\/gajos.sk\/eshop\/wp-json\/wp\/v2\/media?parent=351414"}],"wp:term":[{"taxonomy":"product_brand","embeddable":true,"href":"https:\/\/gajos.sk\/eshop\/wp-json\/wp\/v2\/product_brand?post=351414"},{"taxonomy":"product_cat","embeddable":true,"href":"https:\/\/gajos.sk\/eshop\/wp-json\/wp\/v2\/product_cat?post=351414"},{"taxonomy":"product_tag","embeddable":true,"href":"https:\/\/gajos.sk\/eshop\/wp-json\/wp\/v2\/product_tag?post=351414"}],"curies":[{"name":"wp","href":"https:\/\/api.w.org\/{rel}","templated":true}]}}