{"id":351404,"date":"2024-03-01T23:03:37","date_gmt":"2024-03-01T22:03:37","guid":{"rendered":"https:\/\/gajostest.a2hosted.com\/eshop\/jsp-celna-paska-evo-lite-2-3-8\/"},"modified":"2026-04-20T00:56:38","modified_gmt":"2026-04-19T22:56:38","slug":"jsp-celna-paska-evo-lite-2-3-8","status":"publish","type":"product","link":"https:\/\/gajos.sk\/eshop\/p\/jsp-celna-paska-evo-lite-2-3-8\/","title":{"rendered":"JSP \u010deln\u00e1 p\u00e1ska  Evo: Lite, 2\/3, 8"},"content":{"rendered":"","protected":false},"excerpt":{"rendered":"<p>sweatband for EVO helmets<\/p>\n","protected":false},"featured_media":351406,"template":"","meta":{"_acf_changed":false,"inline_featured_image":false},"product_brand":[],"product_cat":[2439,2144,2128],"product_tag":[1209],"class_list":{"0":"post-351404","1":"product","2":"type-product","3":"status-publish","4":"has-post-thumbnail","6":"product_cat-prislusenstvo-ochrana-hlavy","7":"product_cat-ochrana-hlavy","8":"product_cat-ochranne-pomocky","9":"product_tag-jsp","10":"pa_velkost-uni","12":"first","13":"instock","14":"taxable","15":"shipping-taxable","16":"purchasable","17":"product-type-variable"},"acf":[],"_links":{"self":[{"href":"https:\/\/gajos.sk\/eshop\/wp-json\/wp\/v2\/product\/351404","targetHints":{"allow":["GET"]}}],"collection":[{"href":"https:\/\/gajos.sk\/eshop\/wp-json\/wp\/v2\/product"}],"about":[{"href":"https:\/\/gajos.sk\/eshop\/wp-json\/wp\/v2\/types\/product"}],"wp:featuredmedia":[{"embeddable":true,"href":"https:\/\/gajos.sk\/eshop\/wp-json\/wp\/v2\/media\/351406"}],"wp:attachment":[{"href":"https:\/\/gajos.sk\/eshop\/wp-json\/wp\/v2\/media?parent=351404"}],"wp:term":[{"taxonomy":"product_brand","embeddable":true,"href":"https:\/\/gajos.sk\/eshop\/wp-json\/wp\/v2\/product_brand?post=351404"},{"taxonomy":"product_cat","embeddable":true,"href":"https:\/\/gajos.sk\/eshop\/wp-json\/wp\/v2\/product_cat?post=351404"},{"taxonomy":"product_tag","embeddable":true,"href":"https:\/\/gajos.sk\/eshop\/wp-json\/wp\/v2\/product_tag?post=351404"}],"curies":[{"name":"wp","href":"https:\/\/api.w.org\/{rel}","templated":true}]}}