{"id":351392,"date":"2024-03-01T23:03:28","date_gmt":"2024-03-01T22:03:28","guid":{"rendered":"https:\/\/gajostest.a2hosted.com\/eshop\/las-s-16-e-vystielka-do-prilby\/"},"modified":"2026-04-22T22:00:08","modified_gmt":"2026-04-22T20:00:08","slug":"las-s-16-e-vystielka-do-prilby","status":"publish","type":"product","link":"https:\/\/gajos.sk\/eshop\/p\/las-s-16-e-vystielka-do-prilby\/","title":{"rendered":"LAS S 16 E v\u00fdstielka do prilby"},"content":{"rendered":"","protected":false},"excerpt":{"rendered":"<p>N\u00e1hradn\u00fd 6 bodov\u00fd textiln\u00fd n\u00e1hlavn\u00fd kr\u00ed\u017e pre elektrick\u00fa prilbu LAS S16E.<\/p>\n","protected":false},"featured_media":351394,"template":"","meta":{"_acf_changed":false,"inline_featured_image":false},"product_brand":[],"product_cat":[2439,2144,2128],"product_tag":[1337],"class_list":{"0":"post-351392","1":"product","2":"type-product","3":"status-publish","4":"has-post-thumbnail","6":"product_cat-prislusenstvo-ochrana-hlavy","7":"product_cat-ochrana-hlavy","8":"product_cat-ochranne-pomocky","9":"product_tag-lasogard","10":"pa_velkost-52-62cm","12":"first","13":"instock","14":"taxable","15":"shipping-taxable","16":"purchasable","17":"product-type-variable"},"acf":[],"_links":{"self":[{"href":"https:\/\/gajos.sk\/eshop\/wp-json\/wp\/v2\/product\/351392","targetHints":{"allow":["GET"]}}],"collection":[{"href":"https:\/\/gajos.sk\/eshop\/wp-json\/wp\/v2\/product"}],"about":[{"href":"https:\/\/gajos.sk\/eshop\/wp-json\/wp\/v2\/types\/product"}],"wp:featuredmedia":[{"embeddable":true,"href":"https:\/\/gajos.sk\/eshop\/wp-json\/wp\/v2\/media\/351394"}],"wp:attachment":[{"href":"https:\/\/gajos.sk\/eshop\/wp-json\/wp\/v2\/media?parent=351392"}],"wp:term":[{"taxonomy":"product_brand","embeddable":true,"href":"https:\/\/gajos.sk\/eshop\/wp-json\/wp\/v2\/product_brand?post=351392"},{"taxonomy":"product_cat","embeddable":true,"href":"https:\/\/gajos.sk\/eshop\/wp-json\/wp\/v2\/product_cat?post=351392"},{"taxonomy":"product_tag","embeddable":true,"href":"https:\/\/gajos.sk\/eshop\/wp-json\/wp\/v2\/product_tag?post=351392"}],"curies":[{"name":"wp","href":"https:\/\/api.w.org\/{rel}","templated":true}]}}