{"id":351373,"date":"2024-03-01T23:03:11","date_gmt":"2024-03-01T22:03:11","guid":{"rendered":"https:\/\/gajostest.a2hosted.com\/eshop\/las-lp-2014-vystielka-do-prilby\/"},"modified":"2026-04-19T07:12:54","modified_gmt":"2026-04-19T05:12:54","slug":"las-lp-2014-vystielka-do-prilby","status":"publish","type":"product","link":"https:\/\/gajos.sk\/eshop\/p\/las-lp-2014-vystielka-do-prilby\/","title":{"rendered":"LAS LP 2014 v\u00fdstielka do prilby"},"content":{"rendered":"","protected":false},"excerpt":{"rendered":"<p>N\u00e1hradn\u00fd n\u00e1hlavn\u00fd kr\u00ed\u017e k prilbe LAS S14<\/p>\n","protected":false},"featured_media":351375,"template":"","meta":{"_acf_changed":false,"inline_featured_image":false},"product_brand":[],"product_cat":[2439,2144,2128],"product_tag":[1337],"class_list":{"0":"post-351373","1":"product","2":"type-product","3":"status-publish","4":"has-post-thumbnail","6":"product_cat-prislusenstvo-ochrana-hlavy","7":"product_cat-ochrana-hlavy","8":"product_cat-ochranne-pomocky","9":"product_tag-lasogard","10":"pa_velkost-52-62cm","12":"first","13":"instock","14":"taxable","15":"shipping-taxable","16":"purchasable","17":"product-type-variable"},"acf":[],"_links":{"self":[{"href":"https:\/\/gajos.sk\/eshop\/wp-json\/wp\/v2\/product\/351373","targetHints":{"allow":["GET"]}}],"collection":[{"href":"https:\/\/gajos.sk\/eshop\/wp-json\/wp\/v2\/product"}],"about":[{"href":"https:\/\/gajos.sk\/eshop\/wp-json\/wp\/v2\/types\/product"}],"wp:featuredmedia":[{"embeddable":true,"href":"https:\/\/gajos.sk\/eshop\/wp-json\/wp\/v2\/media\/351375"}],"wp:attachment":[{"href":"https:\/\/gajos.sk\/eshop\/wp-json\/wp\/v2\/media?parent=351373"}],"wp:term":[{"taxonomy":"product_brand","embeddable":true,"href":"https:\/\/gajos.sk\/eshop\/wp-json\/wp\/v2\/product_brand?post=351373"},{"taxonomy":"product_cat","embeddable":true,"href":"https:\/\/gajos.sk\/eshop\/wp-json\/wp\/v2\/product_cat?post=351373"},{"taxonomy":"product_tag","embeddable":true,"href":"https:\/\/gajos.sk\/eshop\/wp-json\/wp\/v2\/product_tag?post=351373"}],"curies":[{"name":"wp","href":"https:\/\/api.w.org\/{rel}","templated":true}]}}