{"id":351357,"date":"2024-03-01T23:03:04","date_gmt":"2024-03-01T22:03:04","guid":{"rendered":"https:\/\/gajostest.a2hosted.com\/eshop\/hartebeest-ciapka-bezp\/"},"modified":"2026-05-01T22:10:57","modified_gmt":"2026-05-01T20:10:57","slug":"hartebeest-ciapka-bezp","status":"publish","type":"product","link":"https:\/\/gajos.sk\/eshop\/p\/hartebeest-ciapka-bezp\/","title":{"rendered":"HARTEBEEST \u010diapka bezp."},"content":{"rendered":"","protected":false},"excerpt":{"rendered":"<p>Hi-viz \u010diapka s plastovou vn\u00fatornou v\u00fdstuhou, ktor\u00e1 je zm\u00e4k\u010den\u00e1 penovou vrstvou. Reflexn\u00e9 p\u00e1sky okolo celej \u010diapky. Ve\u013ekos\u0165: 54-59 cm. Dostupn\u00e1 v dvoch farebn\u00fdch kombin\u00e1ci\u00e1ch: Hi-Viz \u017elt\u00e1, Hi-Viz oran\u017eov\u00e1. V\u00e1ha: 160 g.<\/p>\n","protected":false},"featured_media":351359,"template":"","meta":{"_acf_changed":false,"inline_featured_image":false},"product_brand":[],"product_cat":[2145,2144,2128],"product_tag":[1179],"class_list":{"0":"post-351357","1":"product","2":"type-product","3":"status-publish","4":"has-post-thumbnail","6":"product_cat-ciapka-s-plastovou-vnutornou-vystuhou","7":"product_cat-ochrana-hlavy","8":"product_cat-ochranne-pomocky","9":"product_tag-cerva","10":"pa_farba-zlta","11":"pa_farba-oranzova","12":"pa_velkost-54-59cm","14":"first","15":"instock","16":"taxable","17":"shipping-taxable","18":"purchasable","19":"product-type-variable"},"acf":[],"_links":{"self":[{"href":"https:\/\/gajos.sk\/eshop\/wp-json\/wp\/v2\/product\/351357","targetHints":{"allow":["GET"]}}],"collection":[{"href":"https:\/\/gajos.sk\/eshop\/wp-json\/wp\/v2\/product"}],"about":[{"href":"https:\/\/gajos.sk\/eshop\/wp-json\/wp\/v2\/types\/product"}],"wp:featuredmedia":[{"embeddable":true,"href":"https:\/\/gajos.sk\/eshop\/wp-json\/wp\/v2\/media\/351359"}],"wp:attachment":[{"href":"https:\/\/gajos.sk\/eshop\/wp-json\/wp\/v2\/media?parent=351357"}],"wp:term":[{"taxonomy":"product_brand","embeddable":true,"href":"https:\/\/gajos.sk\/eshop\/wp-json\/wp\/v2\/product_brand?post=351357"},{"taxonomy":"product_cat","embeddable":true,"href":"https:\/\/gajos.sk\/eshop\/wp-json\/wp\/v2\/product_cat?post=351357"},{"taxonomy":"product_tag","embeddable":true,"href":"https:\/\/gajos.sk\/eshop\/wp-json\/wp\/v2\/product_tag?post=351357"}],"curies":[{"name":"wp","href":"https:\/\/api.w.org\/{rel}","templated":true}]}}