{"id":351352,"date":"2024-03-01T23:03:04","date_gmt":"2024-03-01T22:03:04","guid":{"rendered":"https:\/\/gajostest.a2hosted.com\/eshop\/jsp-hardcap-aerolite-5-cm-vyztuz\/"},"modified":"2026-04-20T00:56:38","modified_gmt":"2026-04-19T22:56:38","slug":"jsp-hardcap-aerolite-5-cm-vyztuz","status":"publish","type":"product","link":"https:\/\/gajos.sk\/eshop\/p\/jsp-hardcap-aerolite-5-cm-vyztuz\/","title":{"rendered":"JSP HARDCAP AEROLITE 5 cm vyztu\u017e."},"content":{"rendered":"","protected":false},"excerpt":{"rendered":"<p>Nov\u00fd model JSP \u010diapky s plastovou vn\u00fatornou v\u00fdstuhou. Jedn\u00e1 sa o naj\u013eah\u0161iu \u010diapku s v\u00fdstuhou na trhu. V\u00e1\u017ei len 135 g. Perfektn\u00e1 ventil\u00e1cia v\u010faka unik\u00e1tnej kon\u0161trukcii v\u00fdstuhy. Na obochu stran\u00e1ch ve\u013ek\u00e9 reflexn\u00e9 prvky, ktor\u00e9 zvy\u0161uj\u00fa vidite\u013enos\u0165 u\u017e\u00edvate\u013ea. Vrchn\u00e1 vrstva \u010diapky je o\u0161etren\u00e1 vode odoln\u00fdm repelentom.<\/p>\n","protected":false},"featured_media":351354,"template":"","meta":{"_acf_changed":false,"inline_featured_image":false},"product_brand":[],"product_cat":[2145,2144,2128],"product_tag":[1209],"class_list":{"0":"post-351352","1":"product","2":"type-product","3":"status-publish","4":"has-post-thumbnail","6":"product_cat-ciapka-s-plastovou-vnutornou-vystuhou","7":"product_cat-ochrana-hlavy","8":"product_cat-ochranne-pomocky","9":"product_tag-jsp","10":"pa_farba-cierna","11":"pa_farba-tm-modra","12":"pa_velkost-53-63cm","14":"first","15":"instock","16":"taxable","17":"shipping-taxable","18":"purchasable","19":"product-type-variable"},"acf":[],"_links":{"self":[{"href":"https:\/\/gajos.sk\/eshop\/wp-json\/wp\/v2\/product\/351352","targetHints":{"allow":["GET"]}}],"collection":[{"href":"https:\/\/gajos.sk\/eshop\/wp-json\/wp\/v2\/product"}],"about":[{"href":"https:\/\/gajos.sk\/eshop\/wp-json\/wp\/v2\/types\/product"}],"wp:featuredmedia":[{"embeddable":true,"href":"https:\/\/gajos.sk\/eshop\/wp-json\/wp\/v2\/media\/351354"}],"wp:attachment":[{"href":"https:\/\/gajos.sk\/eshop\/wp-json\/wp\/v2\/media?parent=351352"}],"wp:term":[{"taxonomy":"product_brand","embeddable":true,"href":"https:\/\/gajos.sk\/eshop\/wp-json\/wp\/v2\/product_brand?post=351352"},{"taxonomy":"product_cat","embeddable":true,"href":"https:\/\/gajos.sk\/eshop\/wp-json\/wp\/v2\/product_cat?post=351352"},{"taxonomy":"product_tag","embeddable":true,"href":"https:\/\/gajos.sk\/eshop\/wp-json\/wp\/v2\/product_tag?post=351352"}],"curies":[{"name":"wp","href":"https:\/\/api.w.org\/{rel}","templated":true}]}}