{"id":351309,"date":"2024-03-01T23:01:38","date_gmt":"2024-03-01T22:01:38","guid":{"rendered":"https:\/\/gajostest.a2hosted.com\/eshop\/jsp-hardcap-sp-5cm-ciapka-bezpecnostna\/"},"modified":"2026-04-20T00:56:37","modified_gmt":"2026-04-19T22:56:37","slug":"jsp-hardcap-sp-5cm-ciapka-bezpecnostna","status":"publish","type":"product","link":"https:\/\/gajos.sk\/eshop\/p\/jsp-hardcap-sp-5cm-ciapka-bezpecnostna\/","title":{"rendered":"JSP HARDCAP SP 5cm \u010diapka bezpe\u010dnostn\u00e1"},"content":{"rendered":"","protected":false},"excerpt":{"rendered":"<p>\u010ciapka s pevn\u00fdm \u0161iltom, plastovou vn\u00fatornou v\u00fdstuhou a nastavite\u013enou ve\u013ekos\u0165ou, sp\u013a\u0148a normu EN 812.<\/p>\n","protected":false},"featured_media":351311,"template":"","meta":{"_acf_changed":false,"inline_featured_image":false},"product_brand":[],"product_cat":[2145,2144,2128],"product_tag":[1209],"class_list":{"0":"post-351309","1":"product","2":"type-product","3":"status-publish","4":"has-post-thumbnail","6":"product_cat-ciapka-s-plastovou-vnutornou-vystuhou","7":"product_cat-ochrana-hlavy","8":"product_cat-ochranne-pomocky","9":"product_tag-jsp","10":"pa_farba-hv-oranzova","11":"pa_farba-hv-zlta","12":"pa_farba-cierna","13":"pa_farba-oranzova","14":"pa_farba-tm-modra","15":"pa_farba-antracit-cierna","16":"pa_farba-siva-cervena","17":"pa_velkost-53-63cm","19":"first","20":"instock","21":"taxable","22":"shipping-taxable","23":"purchasable","24":"product-type-variable"},"acf":[],"_links":{"self":[{"href":"https:\/\/gajos.sk\/eshop\/wp-json\/wp\/v2\/product\/351309","targetHints":{"allow":["GET"]}}],"collection":[{"href":"https:\/\/gajos.sk\/eshop\/wp-json\/wp\/v2\/product"}],"about":[{"href":"https:\/\/gajos.sk\/eshop\/wp-json\/wp\/v2\/types\/product"}],"wp:featuredmedia":[{"embeddable":true,"href":"https:\/\/gajos.sk\/eshop\/wp-json\/wp\/v2\/media\/351311"}],"wp:attachment":[{"href":"https:\/\/gajos.sk\/eshop\/wp-json\/wp\/v2\/media?parent=351309"}],"wp:term":[{"taxonomy":"product_brand","embeddable":true,"href":"https:\/\/gajos.sk\/eshop\/wp-json\/wp\/v2\/product_brand?post=351309"},{"taxonomy":"product_cat","embeddable":true,"href":"https:\/\/gajos.sk\/eshop\/wp-json\/wp\/v2\/product_cat?post=351309"},{"taxonomy":"product_tag","embeddable":true,"href":"https:\/\/gajos.sk\/eshop\/wp-json\/wp\/v2\/product_tag?post=351309"}],"curies":[{"name":"wp","href":"https:\/\/api.w.org\/{rel}","templated":true}]}}