{"id":351291,"date":"2024-03-01T23:01:28","date_gmt":"2024-03-01T22:01:28","guid":{"rendered":"https:\/\/gajostest.a2hosted.com\/eshop\/duiker-se1710-ciapka-bezp\/"},"modified":"2026-05-01T22:10:56","modified_gmt":"2026-05-01T20:10:56","slug":"duiker-se1710-ciapka-bezp","status":"publish","type":"product","link":"https:\/\/gajos.sk\/eshop\/p\/duiker-se1710-ciapka-bezp\/","title":{"rendered":"DUIKER SE1710 \u010diapka bezp."},"content":{"rendered":"","protected":false},"excerpt":{"rendered":"<p>Bavlnen\u00e1 \u010diapka s pevn\u00fdm \u0161iltom, plastovou vn\u00fatornou v\u00fdstuhou a nastavite\u013enou ve\u013ekos\u0165ou. Sp\u013a\u0148a normu EN 812.<\/p>\n","protected":false},"featured_media":351293,"template":"","meta":{"_acf_changed":false,"inline_featured_image":false},"product_brand":[],"product_cat":[2145,2144,2128],"product_tag":[1179],"class_list":{"0":"post-351291","1":"product","2":"type-product","3":"status-publish","4":"has-post-thumbnail","6":"product_cat-ciapka-s-plastovou-vnutornou-vystuhou","7":"product_cat-ochrana-hlavy","8":"product_cat-ochranne-pomocky","9":"product_tag-cerva","10":"pa_farba-biela","11":"pa_farba-royal-modra","12":"pa_farba-modra","13":"pa_farba-zelena","14":"pa_farba-cervena","15":"pa_farba-cierna","16":"pa_velkost-54-59cm","18":"first","19":"instock","20":"taxable","21":"shipping-taxable","22":"purchasable","23":"product-type-variable"},"acf":[],"_links":{"self":[{"href":"https:\/\/gajos.sk\/eshop\/wp-json\/wp\/v2\/product\/351291","targetHints":{"allow":["GET"]}}],"collection":[{"href":"https:\/\/gajos.sk\/eshop\/wp-json\/wp\/v2\/product"}],"about":[{"href":"https:\/\/gajos.sk\/eshop\/wp-json\/wp\/v2\/types\/product"}],"wp:featuredmedia":[{"embeddable":true,"href":"https:\/\/gajos.sk\/eshop\/wp-json\/wp\/v2\/media\/351293"}],"wp:attachment":[{"href":"https:\/\/gajos.sk\/eshop\/wp-json\/wp\/v2\/media?parent=351291"}],"wp:term":[{"taxonomy":"product_brand","embeddable":true,"href":"https:\/\/gajos.sk\/eshop\/wp-json\/wp\/v2\/product_brand?post=351291"},{"taxonomy":"product_cat","embeddable":true,"href":"https:\/\/gajos.sk\/eshop\/wp-json\/wp\/v2\/product_cat?post=351291"},{"taxonomy":"product_tag","embeddable":true,"href":"https:\/\/gajos.sk\/eshop\/wp-json\/wp\/v2\/product_tag?post=351291"}],"curies":[{"name":"wp","href":"https:\/\/api.w.org\/{rel}","templated":true}]}}