{"id":351050,"date":"2024-03-01T22:55:53","date_gmt":"2024-03-01T21:55:53","guid":{"rendered":"https:\/\/gajostest.a2hosted.com\/eshop\/jsp-evo3-wr-prilba-ventilovana\/"},"modified":"2026-05-07T21:54:27","modified_gmt":"2026-05-07T19:54:27","slug":"jsp-evo3-wr-prilba-ventilovana","status":"publish","type":"product","link":"https:\/\/gajos.sk\/eshop\/p\/jsp-evo3-wr-prilba-ventilovana\/","title":{"rendered":"JSP EVO3 WR prilba ventilovan\u00e1"},"content":{"rendered":"","protected":false},"excerpt":{"rendered":"<p>P\u0159ilba EVO\u00ae3 Comfort Plus kombinuje super pevnou sko\u0159epinu pro vynikaj\u00edc\u00ed celodenn\u00ed ochranu v nej\u0161ir\u0161\u00edm spektru prost\u0159ed\u00ed s v\u00fdhodami pohodl\u00ed syst\u00e9mu postroj\u016f Evolution\u00ae 3D-Adjustment.<\/p>\n","protected":false},"featured_media":351052,"template":"","meta":{"_acf_changed":false,"inline_featured_image":false},"product_brand":[],"product_cat":[2156,2144,2128],"product_tag":[1209],"class_list":{"0":"post-351050","1":"product","2":"type-product","3":"status-publish","4":"has-post-thumbnail","6":"product_cat-priemyselne-prilby","7":"product_cat-ochrana-hlavy","8":"product_cat-ochranne-pomocky","9":"product_tag-jsp","10":"pa_farba-modra","11":"pa_farba-zelena","12":"pa_farba-zlta","13":"pa_farba-cervena","14":"pa_farba-siva","15":"pa_farba-oranzova","16":"pa_farba-biela","18":"first","19":"instock","20":"taxable","21":"shipping-taxable","22":"purchasable","23":"product-type-variable"},"acf":[],"_links":{"self":[{"href":"https:\/\/gajos.sk\/eshop\/wp-json\/wp\/v2\/product\/351050","targetHints":{"allow":["GET"]}}],"collection":[{"href":"https:\/\/gajos.sk\/eshop\/wp-json\/wp\/v2\/product"}],"about":[{"href":"https:\/\/gajos.sk\/eshop\/wp-json\/wp\/v2\/types\/product"}],"wp:featuredmedia":[{"embeddable":true,"href":"https:\/\/gajos.sk\/eshop\/wp-json\/wp\/v2\/media\/351052"}],"wp:attachment":[{"href":"https:\/\/gajos.sk\/eshop\/wp-json\/wp\/v2\/media?parent=351050"}],"wp:term":[{"taxonomy":"product_brand","embeddable":true,"href":"https:\/\/gajos.sk\/eshop\/wp-json\/wp\/v2\/product_brand?post=351050"},{"taxonomy":"product_cat","embeddable":true,"href":"https:\/\/gajos.sk\/eshop\/wp-json\/wp\/v2\/product_cat?post=351050"},{"taxonomy":"product_tag","embeddable":true,"href":"https:\/\/gajos.sk\/eshop\/wp-json\/wp\/v2\/product_tag?post=351050"}],"curies":[{"name":"wp","href":"https:\/\/api.w.org\/{rel}","templated":true}]}}