{"id":350979,"date":"2024-03-01T22:55:12","date_gmt":"2024-03-01T21:55:12","guid":{"rendered":"https:\/\/gajostest.a2hosted.com\/eshop\/jsp-evo2-prilba-neventilovana\/"},"modified":"2026-05-01T22:10:56","modified_gmt":"2026-05-01T20:10:56","slug":"jsp-evo2-prilba-neventilovana","status":"publish","type":"product","link":"https:\/\/gajos.sk\/eshop\/p\/jsp-evo2-prilba-neventilovana\/","title":{"rendered":"JSP EVO2 prilba neventilovan\u00e1"},"content":{"rendered":"","protected":false},"excerpt":{"rendered":"<p>materi\u00e1l: HDPE, v\u00e1ha: 390 g, ventil\u00e1cia: nie, hlavov\u00fd kr\u00ed\u017e: 6bodov\u00fd textiln\u00fd, nastavenie ve\u013ekosti: posuvn\u00fd p\u00e1sik, ve\u013ekos\u0165: 53\u201364\u2009cm, \u017eivotnos\u0165: 5 rokov, teplotn\u00e1 odolnos\u0165: -30 \u00b0C a\u017e +50 \u00b0C, ochrana proti roztaven\u00e9mu kovu (MM)<\/p>\n","protected":false},"featured_media":350981,"template":"","meta":{"_acf_changed":false,"inline_featured_image":false},"product_brand":[],"product_cat":[2156,2144,2128],"product_tag":[1209],"class_list":{"0":"post-350979","1":"product","2":"type-product","3":"status-publish","4":"has-post-thumbnail","6":"product_cat-priemyselne-prilby","7":"product_cat-ochrana-hlavy","8":"product_cat-ochranne-pomocky","9":"product_tag-jsp","10":"pa_farba-modra","11":"pa_farba-zelena","12":"pa_farba-zlta","13":"pa_farba-cervena","14":"pa_farba-oranzova","15":"pa_farba-biela","16":"pa_velkost-53-64cm","18":"first","19":"instock","20":"taxable","21":"shipping-taxable","22":"purchasable","23":"product-type-variable"},"acf":[],"_links":{"self":[{"href":"https:\/\/gajos.sk\/eshop\/wp-json\/wp\/v2\/product\/350979","targetHints":{"allow":["GET"]}}],"collection":[{"href":"https:\/\/gajos.sk\/eshop\/wp-json\/wp\/v2\/product"}],"about":[{"href":"https:\/\/gajos.sk\/eshop\/wp-json\/wp\/v2\/types\/product"}],"wp:featuredmedia":[{"embeddable":true,"href":"https:\/\/gajos.sk\/eshop\/wp-json\/wp\/v2\/media\/350981"}],"wp:attachment":[{"href":"https:\/\/gajos.sk\/eshop\/wp-json\/wp\/v2\/media?parent=350979"}],"wp:term":[{"taxonomy":"product_brand","embeddable":true,"href":"https:\/\/gajos.sk\/eshop\/wp-json\/wp\/v2\/product_brand?post=350979"},{"taxonomy":"product_cat","embeddable":true,"href":"https:\/\/gajos.sk\/eshop\/wp-json\/wp\/v2\/product_cat?post=350979"},{"taxonomy":"product_tag","embeddable":true,"href":"https:\/\/gajos.sk\/eshop\/wp-json\/wp\/v2\/product_tag?post=350979"}],"curies":[{"name":"wp","href":"https:\/\/api.w.org\/{rel}","templated":true}]}}