{"id":350967,"date":"2024-03-01T22:55:04","date_gmt":"2024-03-01T21:55:04","guid":{"rendered":"https:\/\/gajostest.a2hosted.com\/eshop\/peltor-prilba-g3000nuv\/"},"modified":"2026-04-19T07:12:53","modified_gmt":"2026-04-19T05:12:53","slug":"peltor-prilba-g3000nuv","status":"publish","type":"product","link":"https:\/\/gajos.sk\/eshop\/p\/peltor-prilba-g3000nuv\/","title":{"rendered":"PELTOR prilba G3000NUV"},"content":{"rendered":"","protected":false},"excerpt":{"rendered":"<p>materi\u00e1l: ABS, v\u00e1ha: 310 g, ventil\u00e1cia: \u00e1no, hlavov\u00fd kr\u00ed\u017e: 4bodov\u00fd textiln\u00fd s ply\u0161ovou v\u00fdstelkou, nastavenie ve\u013ekost\u00ed: oto\u010dn\u00e9 koliesko, ve\u013ekos\u0165: 54\u201362\u2009cm, \u017eivotnos\u0165: 5 rokov, teplotn\u00e1 odolnos\u0165: -30 \u00b0C a\u017e +50 \u00b0C.<\/p>\n","protected":false},"featured_media":350969,"template":"","meta":{"_acf_changed":false,"inline_featured_image":false},"product_brand":[],"product_cat":[2156,2144,2128],"product_tag":[1275],"class_list":{"0":"post-350967","1":"product","2":"type-product","3":"status-publish","4":"has-post-thumbnail","6":"product_cat-priemyselne-prilby","7":"product_cat-ochrana-hlavy","8":"product_cat-ochranne-pomocky","9":"product_tag-3m","10":"pa_farba-modra","11":"pa_farba-zelena","12":"pa_farba-hv-zlta","13":"pa_farba-zlta","14":"pa_farba-cervena","15":"pa_farba-oranzova","16":"pa_farba-biela","17":"pa_velkost-54-62cm","19":"first","20":"instock","21":"taxable","22":"shipping-taxable","23":"purchasable","24":"product-type-variable"},"acf":[],"_links":{"self":[{"href":"https:\/\/gajos.sk\/eshop\/wp-json\/wp\/v2\/product\/350967","targetHints":{"allow":["GET"]}}],"collection":[{"href":"https:\/\/gajos.sk\/eshop\/wp-json\/wp\/v2\/product"}],"about":[{"href":"https:\/\/gajos.sk\/eshop\/wp-json\/wp\/v2\/types\/product"}],"wp:featuredmedia":[{"embeddable":true,"href":"https:\/\/gajos.sk\/eshop\/wp-json\/wp\/v2\/media\/350969"}],"wp:attachment":[{"href":"https:\/\/gajos.sk\/eshop\/wp-json\/wp\/v2\/media?parent=350967"}],"wp:term":[{"taxonomy":"product_brand","embeddable":true,"href":"https:\/\/gajos.sk\/eshop\/wp-json\/wp\/v2\/product_brand?post=350967"},{"taxonomy":"product_cat","embeddable":true,"href":"https:\/\/gajos.sk\/eshop\/wp-json\/wp\/v2\/product_cat?post=350967"},{"taxonomy":"product_tag","embeddable":true,"href":"https:\/\/gajos.sk\/eshop\/wp-json\/wp\/v2\/product_tag?post=350967"}],"curies":[{"name":"wp","href":"https:\/\/api.w.org\/{rel}","templated":true}]}}