{"id":350915,"date":"2024-03-01T22:53:30","date_gmt":"2024-03-01T21:53:30","guid":{"rendered":"https:\/\/gajostest.a2hosted.com\/eshop\/peltor-71360-00017m-fahrenheit-cire-ace\/"},"modified":"2026-04-19T07:12:53","modified_gmt":"2026-04-19T05:12:53","slug":"peltor-71360-00017m-fahrenheit-cire-ace","status":"publish","type":"product","link":"https:\/\/gajos.sk\/eshop\/p\/peltor-71360-00017m-fahrenheit-cire-ace\/","title":{"rendered":"Peltor 71360-00017M FAHRENHEIT \u010d\u00edr\u00e9 ACE"},"content":{"rendered":"","protected":false},"excerpt":{"rendered":"<p>Ochrann\u00e9 br\u00fdle 3M\u2122 Fahrenheit\u2122, verze pro p\u0159ilby, s p\u011bnovou v\u00fdstelkou, ut\u011bsn\u011bn\u00e9, proti zaml\u017eov\u00e1n\u00ed, \u010dir\u00e1 acet\u00e1tov\u00e1 skla, 71360-00017M<\/p>\n","protected":false},"featured_media":350917,"template":"","meta":{"_acf_changed":false,"inline_featured_image":false},"product_brand":[],"product_cat":[2130,2129,2128],"product_tag":[1275],"class_list":{"0":"post-350915","1":"product","2":"type-product","3":"status-publish","4":"has-post-thumbnail","6":"product_cat-okuliare","7":"product_cat-ochrana-oci","8":"product_cat-ochranne-pomocky","9":"product_tag-3m","10":"pa_velkost-uni","12":"first","13":"instock","14":"taxable","15":"shipping-taxable","16":"purchasable","17":"product-type-variable"},"acf":[],"_links":{"self":[{"href":"https:\/\/gajos.sk\/eshop\/wp-json\/wp\/v2\/product\/350915","targetHints":{"allow":["GET"]}}],"collection":[{"href":"https:\/\/gajos.sk\/eshop\/wp-json\/wp\/v2\/product"}],"about":[{"href":"https:\/\/gajos.sk\/eshop\/wp-json\/wp\/v2\/types\/product"}],"wp:featuredmedia":[{"embeddable":true,"href":"https:\/\/gajos.sk\/eshop\/wp-json\/wp\/v2\/media\/350917"}],"wp:attachment":[{"href":"https:\/\/gajos.sk\/eshop\/wp-json\/wp\/v2\/media?parent=350915"}],"wp:term":[{"taxonomy":"product_brand","embeddable":true,"href":"https:\/\/gajos.sk\/eshop\/wp-json\/wp\/v2\/product_brand?post=350915"},{"taxonomy":"product_cat","embeddable":true,"href":"https:\/\/gajos.sk\/eshop\/wp-json\/wp\/v2\/product_cat?post=350915"},{"taxonomy":"product_tag","embeddable":true,"href":"https:\/\/gajos.sk\/eshop\/wp-json\/wp\/v2\/product_tag?post=350915"}],"curies":[{"name":"wp","href":"https:\/\/api.w.org\/{rel}","templated":true}]}}