{"id":350828,"date":"2024-03-01T22:51:44","date_gmt":"2024-03-01T21:51:44","guid":{"rendered":"https:\/\/gajostest.a2hosted.com\/eshop\/rooty-bezpecnostne-snurky-na-okuliare\/"},"modified":"2026-05-07T21:52:30","modified_gmt":"2026-05-07T19:52:30","slug":"rooty-bezpecnostne-snurky-na-okuliare","status":"publish","type":"product","link":"https:\/\/gajos.sk\/eshop\/p\/rooty-bezpecnostne-snurky-na-okuliare\/","title":{"rendered":"ROOTY bezpe\u010dnostn\u00e9 \u0161n\u00farky na okuliare"},"content":{"rendered":"","protected":false},"excerpt":{"rendered":"<p>\u0160n\u00farky na okuliare so \u0161peci\u00e1lnym zakon\u010den\u00edm. Mo\u017eno ich pou\u017ei\u0165 len na vybran\u00e9 modely okuliarov.<\/p>\n","protected":false},"featured_media":350830,"template":"","meta":{"_acf_changed":false,"inline_featured_image":false},"product_brand":[],"product_cat":[2129,2516,2128],"product_tag":[1179],"class_list":{"0":"post-350828","1":"product","2":"type-product","3":"status-publish","4":"has-post-thumbnail","6":"product_cat-ochrana-oci","7":"product_cat-prislusenstvo-ochrana-oci","8":"product_cat-ochranne-pomocky","9":"product_tag-cerva","10":"pa_velkost-uni","12":"first","13":"instock","14":"taxable","15":"shipping-taxable","16":"purchasable","17":"product-type-variable"},"acf":[],"_links":{"self":[{"href":"https:\/\/gajos.sk\/eshop\/wp-json\/wp\/v2\/product\/350828","targetHints":{"allow":["GET"]}}],"collection":[{"href":"https:\/\/gajos.sk\/eshop\/wp-json\/wp\/v2\/product"}],"about":[{"href":"https:\/\/gajos.sk\/eshop\/wp-json\/wp\/v2\/types\/product"}],"wp:featuredmedia":[{"embeddable":true,"href":"https:\/\/gajos.sk\/eshop\/wp-json\/wp\/v2\/media\/350830"}],"wp:attachment":[{"href":"https:\/\/gajos.sk\/eshop\/wp-json\/wp\/v2\/media?parent=350828"}],"wp:term":[{"taxonomy":"product_brand","embeddable":true,"href":"https:\/\/gajos.sk\/eshop\/wp-json\/wp\/v2\/product_brand?post=350828"},{"taxonomy":"product_cat","embeddable":true,"href":"https:\/\/gajos.sk\/eshop\/wp-json\/wp\/v2\/product_cat?post=350828"},{"taxonomy":"product_tag","embeddable":true,"href":"https:\/\/gajos.sk\/eshop\/wp-json\/wp\/v2\/product_tag?post=350828"}],"curies":[{"name":"wp","href":"https:\/\/api.w.org\/{rel}","templated":true}]}}