{"id":350825,"date":"2024-03-01T22:51:36","date_gmt":"2024-03-01T21:51:36","guid":{"rendered":"https:\/\/gajostest.a2hosted.com\/eshop\/raby-elasticke-snurky-na-okuliare\/"},"modified":"2026-05-07T21:52:30","modified_gmt":"2026-05-07T19:52:30","slug":"raby-elasticke-snurky-na-okuliare","status":"publish","type":"product","link":"https:\/\/gajos.sk\/eshop\/p\/raby-elasticke-snurky-na-okuliare\/","title":{"rendered":"RABY elastick\u00e9 \u0161n\u00farky na okuliare"},"content":{"rendered":"","protected":false},"excerpt":{"rendered":"<p>\u0160n\u00farky na okuliare z ve\u013emi flexibiln\u00e9ho materi\u00e1lu. Jednoduch\u00e9 nasadenie iba natiahnut\u00edm na no\u017ei\u010dky.<\/p>\n","protected":false},"featured_media":350827,"template":"","meta":{"_acf_changed":false,"inline_featured_image":false},"product_brand":[],"product_cat":[2129,2516,2128],"product_tag":[1179],"class_list":{"0":"post-350825","1":"product","2":"type-product","3":"status-publish","4":"has-post-thumbnail","6":"product_cat-ochrana-oci","7":"product_cat-prislusenstvo-ochrana-oci","8":"product_cat-ochranne-pomocky","9":"product_tag-cerva","10":"pa_velkost-uni","12":"first","13":"instock","14":"taxable","15":"shipping-taxable","16":"purchasable","17":"product-type-variable"},"acf":[],"_links":{"self":[{"href":"https:\/\/gajos.sk\/eshop\/wp-json\/wp\/v2\/product\/350825","targetHints":{"allow":["GET"]}}],"collection":[{"href":"https:\/\/gajos.sk\/eshop\/wp-json\/wp\/v2\/product"}],"about":[{"href":"https:\/\/gajos.sk\/eshop\/wp-json\/wp\/v2\/types\/product"}],"wp:featuredmedia":[{"embeddable":true,"href":"https:\/\/gajos.sk\/eshop\/wp-json\/wp\/v2\/media\/350827"}],"wp:attachment":[{"href":"https:\/\/gajos.sk\/eshop\/wp-json\/wp\/v2\/media?parent=350825"}],"wp:term":[{"taxonomy":"product_brand","embeddable":true,"href":"https:\/\/gajos.sk\/eshop\/wp-json\/wp\/v2\/product_brand?post=350825"},{"taxonomy":"product_cat","embeddable":true,"href":"https:\/\/gajos.sk\/eshop\/wp-json\/wp\/v2\/product_cat?post=350825"},{"taxonomy":"product_tag","embeddable":true,"href":"https:\/\/gajos.sk\/eshop\/wp-json\/wp\/v2\/product_tag?post=350825"}],"curies":[{"name":"wp","href":"https:\/\/api.w.org\/{rel}","templated":true}]}}