{"id":350822,"date":"2024-03-01T22:51:36","date_gmt":"2024-03-01T21:51:36","guid":{"rendered":"https:\/\/gajostest.a2hosted.com\/eshop\/visiguard-hlinikovy-drzak-stitu\/"},"modified":"2026-05-01T22:08:25","modified_gmt":"2026-05-01T20:08:25","slug":"visiguard-hlinikovy-drziak-stitu","status":"publish","type":"product","link":"https:\/\/gajos.sk\/eshop\/p\/visiguard-hlinikovy-drziak-stitu\/","title":{"rendered":"VISIGUARD hlin\u00edkov\u00fd dr\u017eiak \u0161t\u00edtu"},"content":{"rendered":"","protected":false},"excerpt":{"rendered":"<p>Hlin\u00edkov\u00fd dr\u017eiak \u0161t\u00edtu.<\/p>\n<p>Ve\u013emi \u013eahk\u00e1 kon\u0161trukcia dr\u017eiaku umo\u017e\u0148uje r\u00fdchlu in\u0161tal\u00e1ciu na ak\u00fdko\u013evek typ prilby.<br \/>\nTento dr\u017eiak je mo\u017en\u00e9 pou\u017ei\u0165 k \u0161t\u00edtom &#8211; IR3, IR5, MESH, AL, Visiguard PC.<\/p>\n","protected":false},"featured_media":350824,"template":"","meta":{"_acf_changed":false,"inline_featured_image":false},"product_brand":[],"product_cat":[2439,2144,2128],"product_tag":[1179],"class_list":{"0":"post-350822","1":"product","2":"type-product","3":"status-publish","4":"has-post-thumbnail","6":"product_cat-prislusenstvo-ochrana-hlavy","7":"product_cat-ochrana-hlavy","8":"product_cat-ochranne-pomocky","9":"product_tag-cerva","10":"pa_velkost-uni","12":"first","13":"instock","14":"taxable","15":"shipping-taxable","16":"purchasable","17":"product-type-variable"},"acf":[],"_links":{"self":[{"href":"https:\/\/gajos.sk\/eshop\/wp-json\/wp\/v2\/product\/350822","targetHints":{"allow":["GET"]}}],"collection":[{"href":"https:\/\/gajos.sk\/eshop\/wp-json\/wp\/v2\/product"}],"about":[{"href":"https:\/\/gajos.sk\/eshop\/wp-json\/wp\/v2\/types\/product"}],"wp:featuredmedia":[{"embeddable":true,"href":"https:\/\/gajos.sk\/eshop\/wp-json\/wp\/v2\/media\/350824"}],"wp:attachment":[{"href":"https:\/\/gajos.sk\/eshop\/wp-json\/wp\/v2\/media?parent=350822"}],"wp:term":[{"taxonomy":"product_brand","embeddable":true,"href":"https:\/\/gajos.sk\/eshop\/wp-json\/wp\/v2\/product_brand?post=350822"},{"taxonomy":"product_cat","embeddable":true,"href":"https:\/\/gajos.sk\/eshop\/wp-json\/wp\/v2\/product_cat?post=350822"},{"taxonomy":"product_tag","embeddable":true,"href":"https:\/\/gajos.sk\/eshop\/wp-json\/wp\/v2\/product_tag?post=350822"}],"curies":[{"name":"wp","href":"https:\/\/api.w.org\/{rel}","templated":true}]}}