{"id":350776,"date":"2024-03-01T22:51:14","date_gmt":"2024-03-01T21:51:14","guid":{"rendered":"https:\/\/gajostest.a2hosted.com\/eshop\/sk-114x-sklo-do-okuliarov-zvar-zel\/"},"modified":"2026-04-14T22:43:12","modified_gmt":"2026-04-14T20:43:12","slug":"sk-114x-sklo-do-okuliarov-zvar-zel","status":"publish","type":"product","link":"https:\/\/gajos.sk\/eshop\/p\/sk-114x-sklo-do-okuliarov-zvar-zel\/","title":{"rendered":"SK 114x &#8211; sklo do okuliarov zvar.zel."},"content":{"rendered":"","protected":false},"excerpt":{"rendered":"<p>V\u00fdm\u011bnn\u00e9 obd\u00e9ln\u00edkov\u00e9 sklo do br\u00fdl\u00ed WELDGUARD. Rozm\u011br 108&#215;51 mm. Barva kou\u0159ov\u00e1.<\/p>\n","protected":false},"featured_media":350778,"template":"","meta":{"_acf_changed":false,"inline_featured_image":false},"product_brand":[],"product_cat":[2129,2516,2128],"product_tag":[1530],"class_list":{"0":"post-350776","1":"product","2":"type-product","3":"status-publish","4":"has-post-thumbnail","6":"product_cat-ochrana-oci","7":"product_cat-prislusenstvo-ochrana-oci","8":"product_cat-ochranne-pomocky","9":"product_tag-severosklo","10":"pa_farba-zelena","11":"pa_velkost-st-5","12":"pa_velkost-st-11","13":"pa_velkost-st-10","14":"pa_velkost-st-9","15":"pa_velkost-st-8","16":"pa_velkost-st-7","17":"pa_velkost-st-6","18":"pa_velkost-st-13","19":"pa_velkost-st-12","21":"first","22":"instock","23":"taxable","24":"shipping-taxable","25":"purchasable","26":"product-type-variable"},"acf":[],"_links":{"self":[{"href":"https:\/\/gajos.sk\/eshop\/wp-json\/wp\/v2\/product\/350776","targetHints":{"allow":["GET"]}}],"collection":[{"href":"https:\/\/gajos.sk\/eshop\/wp-json\/wp\/v2\/product"}],"about":[{"href":"https:\/\/gajos.sk\/eshop\/wp-json\/wp\/v2\/types\/product"}],"wp:featuredmedia":[{"embeddable":true,"href":"https:\/\/gajos.sk\/eshop\/wp-json\/wp\/v2\/media\/350778"}],"wp:attachment":[{"href":"https:\/\/gajos.sk\/eshop\/wp-json\/wp\/v2\/media?parent=350776"}],"wp:term":[{"taxonomy":"product_brand","embeddable":true,"href":"https:\/\/gajos.sk\/eshop\/wp-json\/wp\/v2\/product_brand?post=350776"},{"taxonomy":"product_cat","embeddable":true,"href":"https:\/\/gajos.sk\/eshop\/wp-json\/wp\/v2\/product_cat?post=350776"},{"taxonomy":"product_tag","embeddable":true,"href":"https:\/\/gajos.sk\/eshop\/wp-json\/wp\/v2\/product_tag?post=350776"}],"curies":[{"name":"wp","href":"https:\/\/api.w.org\/{rel}","templated":true}]}}