{"id":350761,"date":"2024-03-01T22:51:09","date_gmt":"2024-03-01T21:51:09","guid":{"rendered":"https:\/\/gajostest.a2hosted.com\/eshop\/artilux-sklo-do-okuliarov-gulate-cire\/"},"modified":"2026-04-14T22:43:12","modified_gmt":"2026-04-14T20:43:12","slug":"artilux-sklo-do-okuliarov-gulate-cire","status":"publish","type":"product","link":"https:\/\/gajos.sk\/eshop\/p\/artilux-sklo-do-okuliarov-gulate-cire\/","title":{"rendered":"ARTILUX sklo do okuliarov gulat\u00e9 \u010d\u00edre"},"content":{"rendered":"","protected":false},"excerpt":{"rendered":"<p>N\u00e1hradn\u00e9 krycie sklo (tmavos\u0165 05-08 alebo \u010d\u00edre) pred optick\u00fd filter zv\u00e1rac\u00edch okuliarov, nie je ur\u010den\u00e9 na pou\u017eitie ako optick\u00fd filter.<\/p>\n","protected":false},"featured_media":350763,"template":"","meta":{"_acf_changed":false,"inline_featured_image":false},"product_brand":[],"product_cat":[2129,2516,2128],"product_tag":[1530],"class_list":{"0":"post-350761","1":"product","2":"type-product","3":"status-publish","4":"has-post-thumbnail","6":"product_cat-ochrana-oci","7":"product_cat-prislusenstvo-ochrana-oci","8":"product_cat-ochranne-pomocky","9":"product_tag-severosklo","10":"pa_velkost-uni","12":"first","13":"instock","14":"taxable","15":"shipping-taxable","16":"purchasable","17":"product-type-variable"},"acf":[],"_links":{"self":[{"href":"https:\/\/gajos.sk\/eshop\/wp-json\/wp\/v2\/product\/350761","targetHints":{"allow":["GET"]}}],"collection":[{"href":"https:\/\/gajos.sk\/eshop\/wp-json\/wp\/v2\/product"}],"about":[{"href":"https:\/\/gajos.sk\/eshop\/wp-json\/wp\/v2\/types\/product"}],"wp:featuredmedia":[{"embeddable":true,"href":"https:\/\/gajos.sk\/eshop\/wp-json\/wp\/v2\/media\/350763"}],"wp:attachment":[{"href":"https:\/\/gajos.sk\/eshop\/wp-json\/wp\/v2\/media?parent=350761"}],"wp:term":[{"taxonomy":"product_brand","embeddable":true,"href":"https:\/\/gajos.sk\/eshop\/wp-json\/wp\/v2\/product_brand?post=350761"},{"taxonomy":"product_cat","embeddable":true,"href":"https:\/\/gajos.sk\/eshop\/wp-json\/wp\/v2\/product_cat?post=350761"},{"taxonomy":"product_tag","embeddable":true,"href":"https:\/\/gajos.sk\/eshop\/wp-json\/wp\/v2\/product_tag?post=350761"}],"curies":[{"name":"wp","href":"https:\/\/api.w.org\/{rel}","templated":true}]}}