{"id":350753,"date":"2024-03-01T22:51:04","date_gmt":"2024-03-01T21:51:04","guid":{"rendered":"https:\/\/gajostest.a2hosted.com\/eshop\/zvaracske-sklo-110x90-tmave\/"},"modified":"2026-04-16T23:00:46","modified_gmt":"2026-04-16T21:00:46","slug":"zvaracske-sklo-110x90-tmave","status":"publish","type":"product","link":"https:\/\/gajos.sk\/eshop\/p\/zvaracske-sklo-110x90-tmave\/","title":{"rendered":"Zv\u00e1ra\u010dsk\u00e9 sklo 110&#215;90 tmav\u00e9"},"content":{"rendered":"","protected":false},"excerpt":{"rendered":"<p>sklo sv\u00e1\u0159e\u010dsk\u00e9 110&#215;90 mm tmav\u00e9<\/p>\n","protected":false},"featured_media":350755,"template":"","meta":{"_acf_changed":false,"inline_featured_image":false},"product_brand":[],"product_cat":[2129,2516,2128],"product_tag":[1179],"class_list":{"0":"post-350753","1":"product","2":"type-product","3":"status-publish","4":"has-post-thumbnail","6":"product_cat-ochrana-oci","7":"product_cat-prislusenstvo-ochrana-oci","8":"product_cat-ochranne-pomocky","9":"product_tag-cerva","10":"pa_velkost-st-11","11":"pa_velkost-st-10","12":"pa_velkost-st-9","13":"pa_velkost-st-8","14":"pa_velkost-st-7","15":"pa_velkost-st-6","17":"first","18":"instock","19":"taxable","20":"shipping-taxable","21":"purchasable","22":"product-type-variable"},"acf":[],"_links":{"self":[{"href":"https:\/\/gajos.sk\/eshop\/wp-json\/wp\/v2\/product\/350753","targetHints":{"allow":["GET"]}}],"collection":[{"href":"https:\/\/gajos.sk\/eshop\/wp-json\/wp\/v2\/product"}],"about":[{"href":"https:\/\/gajos.sk\/eshop\/wp-json\/wp\/v2\/types\/product"}],"wp:featuredmedia":[{"embeddable":true,"href":"https:\/\/gajos.sk\/eshop\/wp-json\/wp\/v2\/media\/350755"}],"wp:attachment":[{"href":"https:\/\/gajos.sk\/eshop\/wp-json\/wp\/v2\/media?parent=350753"}],"wp:term":[{"taxonomy":"product_brand","embeddable":true,"href":"https:\/\/gajos.sk\/eshop\/wp-json\/wp\/v2\/product_brand?post=350753"},{"taxonomy":"product_cat","embeddable":true,"href":"https:\/\/gajos.sk\/eshop\/wp-json\/wp\/v2\/product_cat?post=350753"},{"taxonomy":"product_tag","embeddable":true,"href":"https:\/\/gajos.sk\/eshop\/wp-json\/wp\/v2\/product_tag?post=350753"}],"curies":[{"name":"wp","href":"https:\/\/api.w.org\/{rel}","templated":true}]}}