{"id":350745,"date":"2024-03-01T22:50:00","date_gmt":"2024-03-01T21:50:00","guid":{"rendered":"https:\/\/gajostest.a2hosted.com\/eshop\/aos-26-2000-00m-cistiaca-handricka-500\/"},"modified":"2026-04-19T07:12:52","modified_gmt":"2026-04-19T05:12:52","slug":"aos-26-2000-00m-cistiaca-handricka-500","status":"publish","type":"product","link":"https:\/\/gajos.sk\/eshop\/p\/aos-26-2000-00m-cistiaca-handricka-500\/","title":{"rendered":"AOS &#8211; 26-2000-00M \u010distiaca handri\u010dka 500"},"content":{"rendered":"","protected":false},"excerpt":{"rendered":"<p>Jednotlivo balen\u00e9 \u010distiace obr\u00fasky,<br \/>\nKa\u017ed\u00fd obr\u00fasok je napusten\u00fd r\u00fdchloschn\u00facim antistatick\u00fdm \u010distiacim prostriedkom, ktor\u00fd p\u00f4sob\u00ed aj proti zahmlievaniu<\/p>\n","protected":false},"featured_media":350747,"template":"","meta":{"_acf_changed":false,"inline_featured_image":false},"product_brand":[],"product_cat":[2130,2129,2128],"product_tag":[1275],"class_list":{"0":"post-350745","1":"product","2":"type-product","3":"status-publish","4":"has-post-thumbnail","6":"product_cat-okuliare","7":"product_cat-ochrana-oci","8":"product_cat-ochranne-pomocky","9":"product_tag-3m","10":"pa_velkost-uni","12":"first","13":"instock","14":"taxable","15":"shipping-taxable","16":"purchasable","17":"product-type-variable"},"acf":[],"_links":{"self":[{"href":"https:\/\/gajos.sk\/eshop\/wp-json\/wp\/v2\/product\/350745","targetHints":{"allow":["GET"]}}],"collection":[{"href":"https:\/\/gajos.sk\/eshop\/wp-json\/wp\/v2\/product"}],"about":[{"href":"https:\/\/gajos.sk\/eshop\/wp-json\/wp\/v2\/types\/product"}],"wp:featuredmedia":[{"embeddable":true,"href":"https:\/\/gajos.sk\/eshop\/wp-json\/wp\/v2\/media\/350747"}],"wp:attachment":[{"href":"https:\/\/gajos.sk\/eshop\/wp-json\/wp\/v2\/media?parent=350745"}],"wp:term":[{"taxonomy":"product_brand","embeddable":true,"href":"https:\/\/gajos.sk\/eshop\/wp-json\/wp\/v2\/product_brand?post=350745"},{"taxonomy":"product_cat","embeddable":true,"href":"https:\/\/gajos.sk\/eshop\/wp-json\/wp\/v2\/product_cat?post=350745"},{"taxonomy":"product_tag","embeddable":true,"href":"https:\/\/gajos.sk\/eshop\/wp-json\/wp\/v2\/product_tag?post=350745"}],"curies":[{"name":"wp","href":"https:\/\/api.w.org\/{rel}","templated":true}]}}