{"id":350708,"date":"2024-03-01T22:49:42","date_gmt":"2024-03-01T21:49:42","guid":{"rendered":"https:\/\/gajostest.a2hosted.com\/eshop\/ask-900kryci-zornik-vonkajsi-kz133\/"},"modified":"2026-05-07T21:52:30","modified_gmt":"2026-05-07T19:52:30","slug":"ask-900kryci-zornik-vonkajsi-kz133","status":"publish","type":"product","link":"https:\/\/gajos.sk\/eshop\/p\/ask-900kryci-zornik-vonkajsi-kz133\/","title":{"rendered":"ASK 900kryc\u00ed zorn\u00edk vonkaj\u0161\u00ed KZ133"},"content":{"rendered":"","protected":false},"excerpt":{"rendered":"<p>Vn\u011bj\u0161\u00ed zorn\u00edk pro ASK 900<\/p>\n","protected":false},"featured_media":0,"template":"","meta":{"_acf_changed":false,"inline_featured_image":false},"product_brand":[],"product_cat":[2175],"product_tag":[1179],"class_list":{"0":"post-350708","1":"product","2":"type-product","3":"status-publish","5":"product_cat-produkty","6":"product_tag-cerva","7":"pa_velkost-uni","9":"first","10":"instock","11":"taxable","12":"shipping-taxable","13":"purchasable","14":"product-type-variable"},"acf":[],"_links":{"self":[{"href":"https:\/\/gajos.sk\/eshop\/wp-json\/wp\/v2\/product\/350708","targetHints":{"allow":["GET"]}}],"collection":[{"href":"https:\/\/gajos.sk\/eshop\/wp-json\/wp\/v2\/product"}],"about":[{"href":"https:\/\/gajos.sk\/eshop\/wp-json\/wp\/v2\/types\/product"}],"wp:attachment":[{"href":"https:\/\/gajos.sk\/eshop\/wp-json\/wp\/v2\/media?parent=350708"}],"wp:term":[{"taxonomy":"product_brand","embeddable":true,"href":"https:\/\/gajos.sk\/eshop\/wp-json\/wp\/v2\/product_brand?post=350708"},{"taxonomy":"product_cat","embeddable":true,"href":"https:\/\/gajos.sk\/eshop\/wp-json\/wp\/v2\/product_cat?post=350708"},{"taxonomy":"product_tag","embeddable":true,"href":"https:\/\/gajos.sk\/eshop\/wp-json\/wp\/v2\/product_tag?post=350708"}],"curies":[{"name":"wp","href":"https:\/\/api.w.org\/{rel}","templated":true}]}}