{"id":350690,"date":"2024-03-01T22:49:35","date_gmt":"2024-03-01T21:49:35","guid":{"rendered":"https:\/\/gajostest.a2hosted.com\/eshop\/zvar-kukla-potitka-pre-plast-krize\/"},"modified":"2026-05-07T21:52:30","modified_gmt":"2026-05-07T19:52:30","slug":"zvar-kukla-potitka-pre-plast-krize","status":"publish","type":"product","link":"https:\/\/gajos.sk\/eshop\/p\/zvar-kukla-potitka-pre-plast-krize\/","title":{"rendered":"Zvar.kukla &#8211; pot\u00edtka pre plast.kr\u00ed\u017ee"},"content":{"rendered":"","protected":false},"excerpt":{"rendered":"","protected":false},"featured_media":0,"template":"","meta":{"_acf_changed":false,"inline_featured_image":false},"product_brand":[],"product_cat":[2175],"product_tag":[1179],"class_list":{"0":"post-350690","1":"product","2":"type-product","3":"status-publish","5":"product_cat-produkty","6":"product_tag-cerva","7":"pa_velkost-uni","9":"first","10":"instock","11":"taxable","12":"shipping-taxable","13":"purchasable","14":"product-type-variable"},"acf":[],"_links":{"self":[{"href":"https:\/\/gajos.sk\/eshop\/wp-json\/wp\/v2\/product\/350690","targetHints":{"allow":["GET"]}}],"collection":[{"href":"https:\/\/gajos.sk\/eshop\/wp-json\/wp\/v2\/product"}],"about":[{"href":"https:\/\/gajos.sk\/eshop\/wp-json\/wp\/v2\/types\/product"}],"wp:attachment":[{"href":"https:\/\/gajos.sk\/eshop\/wp-json\/wp\/v2\/media?parent=350690"}],"wp:term":[{"taxonomy":"product_brand","embeddable":true,"href":"https:\/\/gajos.sk\/eshop\/wp-json\/wp\/v2\/product_brand?post=350690"},{"taxonomy":"product_cat","embeddable":true,"href":"https:\/\/gajos.sk\/eshop\/wp-json\/wp\/v2\/product_cat?post=350690"},{"taxonomy":"product_tag","embeddable":true,"href":"https:\/\/gajos.sk\/eshop\/wp-json\/wp\/v2\/product_tag?post=350690"}],"curies":[{"name":"wp","href":"https:\/\/api.w.org\/{rel}","templated":true}]}}