{"id":350687,"date":"2024-03-01T22:49:26","date_gmt":"2024-03-01T21:49:26","guid":{"rendered":"https:\/\/gajostest.a2hosted.com\/eshop\/zvaracska-kukla-plastova-nahlavny-kriz\/"},"modified":"2026-05-07T21:52:30","modified_gmt":"2026-05-07T19:52:30","slug":"zvaracska-kukla-plastova-nahlavny-kriz","status":"publish","type":"product","link":"https:\/\/gajos.sk\/eshop\/p\/zvaracska-kukla-plastova-nahlavny-kriz\/","title":{"rendered":"Zv\u00e1ra\u010dsk\u00e1 kukla plastov\u00e1 &#8211; n\u00e1hlavn\u00fd kr\u00ed\u017e"},"content":{"rendered":"","protected":false},"excerpt":{"rendered":"","protected":false},"featured_media":350689,"template":"","meta":{"_acf_changed":false,"inline_featured_image":false},"product_brand":[],"product_cat":[2175],"product_tag":[1179],"class_list":{"0":"post-350687","1":"product","2":"type-product","3":"status-publish","4":"has-post-thumbnail","6":"product_cat-produkty","7":"product_tag-cerva","8":"pa_velkost-uni","10":"first","11":"instock","12":"taxable","13":"shipping-taxable","14":"purchasable","15":"product-type-variable"},"acf":[],"_links":{"self":[{"href":"https:\/\/gajos.sk\/eshop\/wp-json\/wp\/v2\/product\/350687","targetHints":{"allow":["GET"]}}],"collection":[{"href":"https:\/\/gajos.sk\/eshop\/wp-json\/wp\/v2\/product"}],"about":[{"href":"https:\/\/gajos.sk\/eshop\/wp-json\/wp\/v2\/types\/product"}],"wp:featuredmedia":[{"embeddable":true,"href":"https:\/\/gajos.sk\/eshop\/wp-json\/wp\/v2\/media\/350689"}],"wp:attachment":[{"href":"https:\/\/gajos.sk\/eshop\/wp-json\/wp\/v2\/media?parent=350687"}],"wp:term":[{"taxonomy":"product_brand","embeddable":true,"href":"https:\/\/gajos.sk\/eshop\/wp-json\/wp\/v2\/product_brand?post=350687"},{"taxonomy":"product_cat","embeddable":true,"href":"https:\/\/gajos.sk\/eshop\/wp-json\/wp\/v2\/product_cat?post=350687"},{"taxonomy":"product_tag","embeddable":true,"href":"https:\/\/gajos.sk\/eshop\/wp-json\/wp\/v2\/product_tag?post=350687"}],"curies":[{"name":"wp","href":"https:\/\/api.w.org\/{rel}","templated":true}]}}