{"id":350681,"date":"2024-03-01T22:49:26","date_gmt":"2024-03-01T21:49:26","guid":{"rendered":"https:\/\/gajostest.a2hosted.com\/eshop\/kz105n-vnut-zor-ku-ask300-94x45x1\/"},"modified":"2026-05-07T21:52:30","modified_gmt":"2026-05-07T19:52:30","slug":"kz105n-vnut-zor-ku-ask300-94x45x1","status":"publish","type":"product","link":"https:\/\/gajos.sk\/eshop\/p\/kz105n-vnut-zor-ku-ask300-94x45x1\/","title":{"rendered":"KZ105N  vn\u00fat.zor. ku ASK300 94x45x1"},"content":{"rendered":"","protected":false},"excerpt":{"rendered":"<p>Vn\u00fatorn\u00fd zorn\u00edk k ASK 300, 400. 95x45x1<\/p>\n","protected":false},"featured_media":350683,"template":"","meta":{"_acf_changed":false,"inline_featured_image":false},"product_brand":[],"product_cat":[2129,2516,2128],"product_tag":[1179],"class_list":{"0":"post-350681","1":"product","2":"type-product","3":"status-publish","4":"has-post-thumbnail","6":"product_cat-ochrana-oci","7":"product_cat-prislusenstvo-ochrana-oci","8":"product_cat-ochranne-pomocky","9":"product_tag-cerva","10":"pa_velkost-uni","12":"first","13":"instock","14":"taxable","15":"shipping-taxable","16":"product-type-variable"},"acf":[],"_links":{"self":[{"href":"https:\/\/gajos.sk\/eshop\/wp-json\/wp\/v2\/product\/350681","targetHints":{"allow":["GET"]}}],"collection":[{"href":"https:\/\/gajos.sk\/eshop\/wp-json\/wp\/v2\/product"}],"about":[{"href":"https:\/\/gajos.sk\/eshop\/wp-json\/wp\/v2\/types\/product"}],"wp:featuredmedia":[{"embeddable":true,"href":"https:\/\/gajos.sk\/eshop\/wp-json\/wp\/v2\/media\/350683"}],"wp:attachment":[{"href":"https:\/\/gajos.sk\/eshop\/wp-json\/wp\/v2\/media?parent=350681"}],"wp:term":[{"taxonomy":"product_brand","embeddable":true,"href":"https:\/\/gajos.sk\/eshop\/wp-json\/wp\/v2\/product_brand?post=350681"},{"taxonomy":"product_cat","embeddable":true,"href":"https:\/\/gajos.sk\/eshop\/wp-json\/wp\/v2\/product_cat?post=350681"},{"taxonomy":"product_tag","embeddable":true,"href":"https:\/\/gajos.sk\/eshop\/wp-json\/wp\/v2\/product_tag?post=350681"}],"curies":[{"name":"wp","href":"https:\/\/api.w.org\/{rel}","templated":true}]}}