{"id":350678,"date":"2024-03-01T22:49:26","date_gmt":"2024-03-01T21:49:26","guid":{"rendered":"https:\/\/gajostest.a2hosted.com\/eshop\/kz109n-vonkajsi-zornik-k-ask300116x86x1\/"},"modified":"2026-05-07T21:52:30","modified_gmt":"2026-05-07T19:52:30","slug":"kz109n-vonkajsi-zornik-k-ask300116x86x1","status":"publish","type":"product","link":"https:\/\/gajos.sk\/eshop\/p\/kz109n-vonkajsi-zornik-k-ask300116x86x1\/","title":{"rendered":"KZ109N vonkaj\u0161\u00ed zorn\u00edk k ASK300,116x86x1"},"content":{"rendered":"","protected":false},"excerpt":{"rendered":"<p>Vonkaj\u0161\u00ed zorn\u00edk na ASK 300, 116x86x1.<\/p>\n","protected":false},"featured_media":350680,"template":"","meta":{"_acf_changed":false,"inline_featured_image":false},"product_brand":[],"product_cat":[2175],"product_tag":[1179],"class_list":{"0":"post-350678","1":"product","2":"type-product","3":"status-publish","4":"has-post-thumbnail","6":"product_cat-produkty","7":"product_tag-cerva","8":"pa_velkost-uni","10":"first","11":"instock","12":"taxable","13":"shipping-taxable","14":"product-type-variable"},"acf":[],"_links":{"self":[{"href":"https:\/\/gajos.sk\/eshop\/wp-json\/wp\/v2\/product\/350678","targetHints":{"allow":["GET"]}}],"collection":[{"href":"https:\/\/gajos.sk\/eshop\/wp-json\/wp\/v2\/product"}],"about":[{"href":"https:\/\/gajos.sk\/eshop\/wp-json\/wp\/v2\/types\/product"}],"wp:featuredmedia":[{"embeddable":true,"href":"https:\/\/gajos.sk\/eshop\/wp-json\/wp\/v2\/media\/350680"}],"wp:attachment":[{"href":"https:\/\/gajos.sk\/eshop\/wp-json\/wp\/v2\/media?parent=350678"}],"wp:term":[{"taxonomy":"product_brand","embeddable":true,"href":"https:\/\/gajos.sk\/eshop\/wp-json\/wp\/v2\/product_brand?post=350678"},{"taxonomy":"product_cat","embeddable":true,"href":"https:\/\/gajos.sk\/eshop\/wp-json\/wp\/v2\/product_cat?post=350678"},{"taxonomy":"product_tag","embeddable":true,"href":"https:\/\/gajos.sk\/eshop\/wp-json\/wp\/v2\/product_tag?post=350678"}],"curies":[{"name":"wp","href":"https:\/\/api.w.org\/{rel}","templated":true}]}}