{"id":350675,"date":"2024-03-01T22:49:26","date_gmt":"2024-03-01T21:49:26","guid":{"rendered":"https:\/\/gajostest.a2hosted.com\/eshop\/ask-300-kukla-samozatmievacia\/"},"modified":"2026-05-07T21:52:30","modified_gmt":"2026-05-07T19:52:30","slug":"ask-300-kukla-samozatmievacia","status":"publish","type":"product","link":"https:\/\/gajos.sk\/eshop\/p\/ask-300-kukla-samozatmievacia\/","title":{"rendered":"ASK 300 kukla samozatmievacia"},"content":{"rendered":"","protected":false},"excerpt":{"rendered":"<p>Zv\u00e1ra\u010dsk\u00e1 samozatem\u0148uj\u00faca kukla s nastavite\u013enou tmavos\u0165ou automatick\u00e9ho optick\u00e9ho filtra od DIN 9 &#8211; 13. EN 166, EN 175, EN 379.<\/p>\n","protected":false},"featured_media":350677,"template":"","meta":{"_acf_changed":false,"inline_featured_image":false},"product_brand":[],"product_cat":[2129,2495,2128],"product_tag":[1179],"class_list":{"0":"post-350675","1":"product","2":"type-product","3":"status-publish","4":"has-post-thumbnail","6":"product_cat-ochrana-oci","7":"product_cat-zvaracska-kukla","8":"product_cat-ochranne-pomocky","9":"product_tag-cerva","10":"pa_velkost-uni","12":"first","13":"instock","14":"taxable","15":"shipping-taxable","16":"purchasable","17":"product-type-variable"},"acf":[],"_links":{"self":[{"href":"https:\/\/gajos.sk\/eshop\/wp-json\/wp\/v2\/product\/350675","targetHints":{"allow":["GET"]}}],"collection":[{"href":"https:\/\/gajos.sk\/eshop\/wp-json\/wp\/v2\/product"}],"about":[{"href":"https:\/\/gajos.sk\/eshop\/wp-json\/wp\/v2\/types\/product"}],"wp:featuredmedia":[{"embeddable":true,"href":"https:\/\/gajos.sk\/eshop\/wp-json\/wp\/v2\/media\/350677"}],"wp:attachment":[{"href":"https:\/\/gajos.sk\/eshop\/wp-json\/wp\/v2\/media?parent=350675"}],"wp:term":[{"taxonomy":"product_brand","embeddable":true,"href":"https:\/\/gajos.sk\/eshop\/wp-json\/wp\/v2\/product_brand?post=350675"},{"taxonomy":"product_cat","embeddable":true,"href":"https:\/\/gajos.sk\/eshop\/wp-json\/wp\/v2\/product_cat?post=350675"},{"taxonomy":"product_tag","embeddable":true,"href":"https:\/\/gajos.sk\/eshop\/wp-json\/wp\/v2\/product_tag?post=350675"}],"curies":[{"name":"wp","href":"https:\/\/api.w.org\/{rel}","templated":true}]}}