{"id":350669,"date":"2024-03-01T22:49:15","date_gmt":"2024-03-01T21:49:15","guid":{"rendered":"https:\/\/gajostest.a2hosted.com\/eshop\/jsp-evoguard-c1-industrial-stit\/"},"modified":"2026-05-07T21:52:30","modified_gmt":"2026-05-07T19:52:30","slug":"jsp-evoguard-c1-industrial-stit","status":"publish","type":"product","link":"https:\/\/gajos.sk\/eshop\/p\/jsp-evoguard-c1-industrial-stit\/","title":{"rendered":"JSP EVOGuard C1 Industrial \u0161t\u00edt"},"content":{"rendered":"","protected":false},"excerpt":{"rendered":"<p>\u2022 KOMPATIBILITA &#8211; \u0161t\u00edty s\u00fa plne kompatibiln\u00e9 s EVO prilbami, JSP polomaskami, respir\u00e1tormi, korek\u010dn\u00fdmi okuliarmi a Sonis\u00ae sl\u00fachadlami s uchyten\u00edm na prilbu.<br \/>\n\u2022 Optick\u00e1 trieda 1 pon\u00faka panoramatick\u00fd v\u00fdh\u013ead vhodn\u00fd na celodenn\u00e9 nosenie<br \/>\n\u2022 UV OCHRANA \u2013 Priezory filtruj\u00fa \u0161kodliv\u00e9 UV \u017eiarenie na ochranu o\u010d\u00ed a z\u00e1rove\u0148 pon\u00faka vysok\u00fa priepustnos\u0165 svetla a lep\u0161ie rozpozn\u00e1vanie farieb.<br \/>\n\u2022 N\u00c1RAZ &#8211; vysoko v\u00fdkonn\u00fd \u0161t\u00edt pon\u00faka ochranu proti n\u00e1razu pri nasaden\u00ed na prilbu<br \/>\nV\u00e1ha: 185g<br \/>\nD\u013a\u017eka: 18.5 cm<br \/>\nMateri\u00e1l: Polykarbon\u00e1t<\/p>\n","protected":false},"featured_media":350671,"template":"","meta":{"_acf_changed":false,"inline_featured_image":false},"product_brand":[],"product_cat":[2129,2516,2128],"product_tag":[1209],"class_list":{"0":"post-350669","1":"product","2":"type-product","3":"status-publish","4":"has-post-thumbnail","6":"product_cat-ochrana-oci","7":"product_cat-prislusenstvo-ochrana-oci","8":"product_cat-ochranne-pomocky","9":"product_tag-jsp","10":"pa_velkost-uni","12":"first","13":"instock","14":"taxable","15":"shipping-taxable","16":"purchasable","17":"product-type-variable"},"acf":[],"_links":{"self":[{"href":"https:\/\/gajos.sk\/eshop\/wp-json\/wp\/v2\/product\/350669","targetHints":{"allow":["GET"]}}],"collection":[{"href":"https:\/\/gajos.sk\/eshop\/wp-json\/wp\/v2\/product"}],"about":[{"href":"https:\/\/gajos.sk\/eshop\/wp-json\/wp\/v2\/types\/product"}],"wp:featuredmedia":[{"embeddable":true,"href":"https:\/\/gajos.sk\/eshop\/wp-json\/wp\/v2\/media\/350671"}],"wp:attachment":[{"href":"https:\/\/gajos.sk\/eshop\/wp-json\/wp\/v2\/media?parent=350669"}],"wp:term":[{"taxonomy":"product_brand","embeddable":true,"href":"https:\/\/gajos.sk\/eshop\/wp-json\/wp\/v2\/product_brand?post=350669"},{"taxonomy":"product_cat","embeddable":true,"href":"https:\/\/gajos.sk\/eshop\/wp-json\/wp\/v2\/product_cat?post=350669"},{"taxonomy":"product_tag","embeddable":true,"href":"https:\/\/gajos.sk\/eshop\/wp-json\/wp\/v2\/product_tag?post=350669"}],"curies":[{"name":"wp","href":"https:\/\/api.w.org\/{rel}","templated":true}]}}