{"id":350666,"date":"2024-03-01T22:49:15","date_gmt":"2024-03-01T21:49:15","guid":{"rendered":"https:\/\/gajostest.a2hosted.com\/eshop\/jsp-evoguard-m2-forestry-droteny-stit\/"},"modified":"2026-05-07T21:52:30","modified_gmt":"2026-05-07T19:52:30","slug":"jsp-evoguard-m2-forestry-droteny-stit","status":"publish","type":"product","link":"https:\/\/gajos.sk\/eshop\/p\/jsp-evoguard-m2-forestry-droteny-stit\/","title":{"rendered":"JSP EVOGuard M2 Forestry dr\u00f4ten\u00fd \u0161t\u00edt"},"content":{"rendered":"","protected":false},"excerpt":{"rendered":"<p>Priepustnos\u0165 svetla: 70%<br \/>\nV\u00e1ha: 74 g<br \/>\nD\u013a\u017eka: 18 cm<br \/>\nMateri\u00e1l: ABS r\u00e1m\u010dek a pletivo z nerezovej ocele<br \/>\nOchrana proti n\u00e1razu S<\/p>\n","protected":false},"featured_media":350668,"template":"","meta":{"_acf_changed":false,"inline_featured_image":false},"product_brand":[],"product_cat":[2129,2516,2128],"product_tag":[1209],"class_list":{"0":"post-350666","1":"product","2":"type-product","3":"status-publish","4":"has-post-thumbnail","6":"product_cat-ochrana-oci","7":"product_cat-prislusenstvo-ochrana-oci","8":"product_cat-ochranne-pomocky","9":"product_tag-jsp","10":"pa_velkost-uni","12":"first","13":"instock","14":"taxable","15":"shipping-taxable","16":"product-type-variable"},"acf":[],"_links":{"self":[{"href":"https:\/\/gajos.sk\/eshop\/wp-json\/wp\/v2\/product\/350666","targetHints":{"allow":["GET"]}}],"collection":[{"href":"https:\/\/gajos.sk\/eshop\/wp-json\/wp\/v2\/product"}],"about":[{"href":"https:\/\/gajos.sk\/eshop\/wp-json\/wp\/v2\/types\/product"}],"wp:featuredmedia":[{"embeddable":true,"href":"https:\/\/gajos.sk\/eshop\/wp-json\/wp\/v2\/media\/350668"}],"wp:attachment":[{"href":"https:\/\/gajos.sk\/eshop\/wp-json\/wp\/v2\/media?parent=350666"}],"wp:term":[{"taxonomy":"product_brand","embeddable":true,"href":"https:\/\/gajos.sk\/eshop\/wp-json\/wp\/v2\/product_brand?post=350666"},{"taxonomy":"product_cat","embeddable":true,"href":"https:\/\/gajos.sk\/eshop\/wp-json\/wp\/v2\/product_cat?post=350666"},{"taxonomy":"product_tag","embeddable":true,"href":"https:\/\/gajos.sk\/eshop\/wp-json\/wp\/v2\/product_tag?post=350666"}],"curies":[{"name":"wp","href":"https:\/\/api.w.org\/{rel}","templated":true}]}}