{"id":350651,"date":"2024-03-01T22:49:04","date_gmt":"2024-03-01T21:49:04","guid":{"rendered":"https:\/\/gajostest.a2hosted.com\/eshop\/vitrac-stit-polykarbonat-asaf\/"},"modified":"2026-05-01T22:08:24","modified_gmt":"2026-05-01T20:08:24","slug":"vitrac-stit-polykarbonat-asaf","status":"publish","type":"product","link":"https:\/\/gajos.sk\/eshop\/p\/vitrac-stit-polykarbonat-asaf\/","title":{"rendered":"VITRAC \u0161t\u00edt polykarbon\u00e1t.AS,AF"},"content":{"rendered":"","protected":false},"excerpt":{"rendered":"<p>\u010d\u00edry PC celotv\u00e1rov\u00fd \u0161t\u00edt s n\u00e1hlavn\u00fdm dr\u017eiakom z ABS; zv\u00fd\u0161en\u00e1 ochrana v oblasti brady; zorn\u00edk triedy 1AT<\/p>\n","protected":false},"featured_media":350653,"template":"","meta":{"_acf_changed":false,"inline_featured_image":false},"product_brand":[],"product_cat":[2151,2129,2128],"product_tag":[1179],"class_list":{"0":"post-350651","1":"product","2":"type-product","3":"status-publish","4":"has-post-thumbnail","6":"product_cat-tvarovy-stit","7":"product_cat-ochrana-oci","8":"product_cat-ochranne-pomocky","9":"product_tag-cerva","10":"pa_farba-cira","12":"first","13":"instock","14":"taxable","15":"shipping-taxable","16":"purchasable","17":"product-type-variable"},"acf":[],"_links":{"self":[{"href":"https:\/\/gajos.sk\/eshop\/wp-json\/wp\/v2\/product\/350651","targetHints":{"allow":["GET"]}}],"collection":[{"href":"https:\/\/gajos.sk\/eshop\/wp-json\/wp\/v2\/product"}],"about":[{"href":"https:\/\/gajos.sk\/eshop\/wp-json\/wp\/v2\/types\/product"}],"wp:featuredmedia":[{"embeddable":true,"href":"https:\/\/gajos.sk\/eshop\/wp-json\/wp\/v2\/media\/350653"}],"wp:attachment":[{"href":"https:\/\/gajos.sk\/eshop\/wp-json\/wp\/v2\/media?parent=350651"}],"wp:term":[{"taxonomy":"product_brand","embeddable":true,"href":"https:\/\/gajos.sk\/eshop\/wp-json\/wp\/v2\/product_brand?post=350651"},{"taxonomy":"product_cat","embeddable":true,"href":"https:\/\/gajos.sk\/eshop\/wp-json\/wp\/v2\/product_cat?post=350651"},{"taxonomy":"product_tag","embeddable":true,"href":"https:\/\/gajos.sk\/eshop\/wp-json\/wp\/v2\/product_tag?post=350651"}],"curies":[{"name":"wp","href":"https:\/\/api.w.org\/{rel}","templated":true}]}}