{"id":350613,"date":"2024-03-01T22:47:37","date_gmt":"2024-03-01T21:47:37","guid":{"rendered":"https:\/\/gajostest.a2hosted.com\/eshop\/jsp-anw060-230-008-stitdrziak-evo-rang\/"},"modified":"2026-04-30T22:07:06","modified_gmt":"2026-04-30T20:07:06","slug":"jsp-anw060-230-008-stitdrziak-evo-rang","status":"publish","type":"product","link":"https:\/\/gajos.sk\/eshop\/p\/jsp-anw060-230-008-stitdrziak-evo-rang\/","title":{"rendered":"JSP ANW060-230-008 \u0161t\u00edt+dr\u017eiak Evo rang"},"content":{"rendered":"","protected":false},"excerpt":{"rendered":"<p>Najmen\u0161\u00ed v\u00edrus 200 nanometrov, nanofiltre zachytia \u010dasticu o ve\u013ekosti 50 nanometrov.<\/p>\n","protected":false},"featured_media":350594,"template":"","meta":{"_acf_changed":false,"inline_featured_image":false},"product_brand":[],"product_cat":[2439,2144,2128],"product_tag":[1209],"class_list":{"0":"post-350613","1":"product","2":"type-product","3":"status-publish","4":"has-post-thumbnail","6":"product_cat-prislusenstvo-ochrana-hlavy","7":"product_cat-ochrana-hlavy","8":"product_cat-ochranne-pomocky","9":"product_tag-jsp","10":"pa_velkost-uni","12":"first","13":"instock","14":"taxable","15":"shipping-taxable","16":"purchasable","17":"product-type-variable"},"acf":[],"_links":{"self":[{"href":"https:\/\/gajos.sk\/eshop\/wp-json\/wp\/v2\/product\/350613","targetHints":{"allow":["GET"]}}],"collection":[{"href":"https:\/\/gajos.sk\/eshop\/wp-json\/wp\/v2\/product"}],"about":[{"href":"https:\/\/gajos.sk\/eshop\/wp-json\/wp\/v2\/types\/product"}],"wp:featuredmedia":[{"embeddable":true,"href":"https:\/\/gajos.sk\/eshop\/wp-json\/wp\/v2\/media\/350594"}],"wp:attachment":[{"href":"https:\/\/gajos.sk\/eshop\/wp-json\/wp\/v2\/media?parent=350613"}],"wp:term":[{"taxonomy":"product_brand","embeddable":true,"href":"https:\/\/gajos.sk\/eshop\/wp-json\/wp\/v2\/product_brand?post=350613"},{"taxonomy":"product_cat","embeddable":true,"href":"https:\/\/gajos.sk\/eshop\/wp-json\/wp\/v2\/product_cat?post=350613"},{"taxonomy":"product_tag","embeddable":true,"href":"https:\/\/gajos.sk\/eshop\/wp-json\/wp\/v2\/product_tag?post=350613"}],"curies":[{"name":"wp","href":"https:\/\/api.w.org\/{rel}","templated":true}]}}