{"id":350608,"date":"2024-03-01T22:47:37","date_gmt":"2024-03-01T21:47:37","guid":{"rendered":"https:\/\/gajostest.a2hosted.com\/eshop\/stit-sp-29\/"},"modified":"2026-05-01T22:08:24","modified_gmt":"2026-05-01T20:08:24","slug":"stit-sp-29","status":"publish","type":"product","link":"https:\/\/gajos.sk\/eshop\/p\/stit-sp-29\/","title":{"rendered":"\u0160t\u00edt \u0160P 29"},"content":{"rendered":"","protected":false},"excerpt":{"rendered":"<p>Ochrann\u00fd \u0161t\u00edt s rozmermi 330 x 290 mm z \u010d\u00edreho PMMA hrub\u00e9ho 2 mm je typom \u0161t\u00edtu s hlavov\u00fdm nosi\u010dom. Je ur\u010den\u00fd na ochranu o\u010d\u00ed a tv\u00e1re pred n\u00e1razom pomaly letiacich \u010dast\u00edc s dopadovou energiou max. 0,56 J. Umo\u017e\u0148uje s\u00fa\u010dasn\u00e9 pou\u017eitie s dioptrick\u00fdmi okuliarmi. EN 166.<\/p>\n","protected":false},"featured_media":350610,"template":"","meta":{"_acf_changed":false,"inline_featured_image":false},"product_brand":[],"product_cat":[2151,2129,2128],"product_tag":[2496],"class_list":{"0":"post-350608","1":"product","2":"type-product","3":"status-publish","4":"has-post-thumbnail","6":"product_cat-tvarovy-stit","7":"product_cat-ochrana-oci","8":"product_cat-ochranne-pomocky","9":"product_tag-okula","10":"pa_velkost-uni","12":"first","13":"instock","14":"taxable","15":"shipping-taxable","16":"purchasable","17":"product-type-variable"},"acf":[],"_links":{"self":[{"href":"https:\/\/gajos.sk\/eshop\/wp-json\/wp\/v2\/product\/350608","targetHints":{"allow":["GET"]}}],"collection":[{"href":"https:\/\/gajos.sk\/eshop\/wp-json\/wp\/v2\/product"}],"about":[{"href":"https:\/\/gajos.sk\/eshop\/wp-json\/wp\/v2\/types\/product"}],"wp:featuredmedia":[{"embeddable":true,"href":"https:\/\/gajos.sk\/eshop\/wp-json\/wp\/v2\/media\/350610"}],"wp:attachment":[{"href":"https:\/\/gajos.sk\/eshop\/wp-json\/wp\/v2\/media?parent=350608"}],"wp:term":[{"taxonomy":"product_brand","embeddable":true,"href":"https:\/\/gajos.sk\/eshop\/wp-json\/wp\/v2\/product_brand?post=350608"},{"taxonomy":"product_cat","embeddable":true,"href":"https:\/\/gajos.sk\/eshop\/wp-json\/wp\/v2\/product_cat?post=350608"},{"taxonomy":"product_tag","embeddable":true,"href":"https:\/\/gajos.sk\/eshop\/wp-json\/wp\/v2\/product_tag?post=350608"}],"curies":[{"name":"wp","href":"https:\/\/api.w.org\/{rel}","templated":true}]}}