{"id":350575,"date":"2024-03-01T22:47:20","date_gmt":"2024-03-01T21:47:20","guid":{"rendered":"https:\/\/gajostest.a2hosted.com\/eshop\/visiguard-mesh-se1780-stit-drot-drziak\/"},"modified":"2026-05-01T22:08:24","modified_gmt":"2026-05-01T20:08:24","slug":"visiguard-mesh-se1780-stit-drot-drziak","status":"publish","type":"product","link":"https:\/\/gajos.sk\/eshop\/p\/visiguard-mesh-se1780-stit-drot-drziak\/","title":{"rendered":"VISIGUARD MESH SE1780 \u0161t\u00edt dr\u00f4t.+dr\u017eiak"},"content":{"rendered":"","protected":false},"excerpt":{"rendered":"<p>Dr\u00f4ten\u00fd celotv\u00e1rov\u00fd \u0161t\u00edt s n\u00e1hlavn\u00fdm dr\u017eiakom. EN 1731.<\/p>\n","protected":false},"featured_media":350577,"template":"","meta":{"_acf_changed":false,"inline_featured_image":false},"product_brand":[],"product_cat":[2151,2129,2128],"product_tag":[1179],"class_list":{"0":"post-350575","1":"product","2":"type-product","3":"status-publish","4":"has-post-thumbnail","6":"product_cat-tvarovy-stit","7":"product_cat-ochrana-oci","8":"product_cat-ochranne-pomocky","9":"product_tag-cerva","10":"pa_velkost-uni","12":"first","13":"instock","14":"taxable","15":"shipping-taxable","16":"purchasable","17":"product-type-variable"},"acf":[],"_links":{"self":[{"href":"https:\/\/gajos.sk\/eshop\/wp-json\/wp\/v2\/product\/350575","targetHints":{"allow":["GET"]}}],"collection":[{"href":"https:\/\/gajos.sk\/eshop\/wp-json\/wp\/v2\/product"}],"about":[{"href":"https:\/\/gajos.sk\/eshop\/wp-json\/wp\/v2\/types\/product"}],"wp:featuredmedia":[{"embeddable":true,"href":"https:\/\/gajos.sk\/eshop\/wp-json\/wp\/v2\/media\/350577"}],"wp:attachment":[{"href":"https:\/\/gajos.sk\/eshop\/wp-json\/wp\/v2\/media?parent=350575"}],"wp:term":[{"taxonomy":"product_brand","embeddable":true,"href":"https:\/\/gajos.sk\/eshop\/wp-json\/wp\/v2\/product_brand?post=350575"},{"taxonomy":"product_cat","embeddable":true,"href":"https:\/\/gajos.sk\/eshop\/wp-json\/wp\/v2\/product_cat?post=350575"},{"taxonomy":"product_tag","embeddable":true,"href":"https:\/\/gajos.sk\/eshop\/wp-json\/wp\/v2\/product_tag?post=350575"}],"curies":[{"name":"wp","href":"https:\/\/api.w.org\/{rel}","templated":true}]}}