{"id":350566,"date":"2024-03-01T22:47:10","date_gmt":"2024-03-01T21:47:10","guid":{"rendered":"https:\/\/gajostest.a2hosted.com\/eshop\/3501-zornik-polycarb-k-vision-maxshield\/"},"modified":"2026-04-15T22:00:52","modified_gmt":"2026-04-15T20:00:52","slug":"3501-zornik-polycarb-k-vision-maxshield","status":"publish","type":"product","link":"https:\/\/gajos.sk\/eshop\/p\/3501-zornik-polycarb-k-vision-maxshield\/","title":{"rendered":"3501 zorn\u00edk polycarb. k Vision\/MAXSHIELD"},"content":{"rendered":"","protected":false},"excerpt":{"rendered":"<p>n\u00e1hradn\u00ed PC \u010dir\u00fd zorn\u00edk pro MAXSHIELD VISION, t\u0159\u00edda F<\/p>\n","protected":false},"featured_media":350568,"template":"","meta":{"_acf_changed":false,"inline_featured_image":false},"product_brand":[],"product_cat":[2151,2129,2128],"product_tag":[1179],"class_list":{"0":"post-350566","1":"product","2":"type-product","3":"status-publish","4":"has-post-thumbnail","6":"product_cat-tvarovy-stit","7":"product_cat-ochrana-oci","8":"product_cat-ochranne-pomocky","9":"product_tag-cerva","10":"pa_velkost-uni","12":"first","13":"instock","14":"taxable","15":"shipping-taxable","16":"purchasable","17":"product-type-variable"},"acf":[],"_links":{"self":[{"href":"https:\/\/gajos.sk\/eshop\/wp-json\/wp\/v2\/product\/350566","targetHints":{"allow":["GET"]}}],"collection":[{"href":"https:\/\/gajos.sk\/eshop\/wp-json\/wp\/v2\/product"}],"about":[{"href":"https:\/\/gajos.sk\/eshop\/wp-json\/wp\/v2\/types\/product"}],"wp:featuredmedia":[{"embeddable":true,"href":"https:\/\/gajos.sk\/eshop\/wp-json\/wp\/v2\/media\/350568"}],"wp:attachment":[{"href":"https:\/\/gajos.sk\/eshop\/wp-json\/wp\/v2\/media?parent=350566"}],"wp:term":[{"taxonomy":"product_brand","embeddable":true,"href":"https:\/\/gajos.sk\/eshop\/wp-json\/wp\/v2\/product_brand?post=350566"},{"taxonomy":"product_cat","embeddable":true,"href":"https:\/\/gajos.sk\/eshop\/wp-json\/wp\/v2\/product_cat?post=350566"},{"taxonomy":"product_tag","embeddable":true,"href":"https:\/\/gajos.sk\/eshop\/wp-json\/wp\/v2\/product_tag?post=350566"}],"curies":[{"name":"wp","href":"https:\/\/api.w.org\/{rel}","templated":true}]}}