{"id":350546,"date":"2024-03-01T22:46:00","date_gmt":"2024-03-01T21:46:00","guid":{"rendered":"https:\/\/gajostest.a2hosted.com\/eshop\/3m-securefit-500\/"},"modified":"2026-04-19T07:12:51","modified_gmt":"2026-04-19T05:12:51","slug":"3m-securefit-500","status":"publish","type":"product","link":"https:\/\/gajos.sk\/eshop\/p\/3m-securefit-500\/","title":{"rendered":"3M SecureFit 500"},"content":{"rendered":"","protected":false},"excerpt":{"rendered":"<p>Bezpe\u010dnostn\u00ed br\u00fdle 3M\u2122 SecureFit\u2122 \u0159ady 500 se vyzna\u010duj\u00ed stylizovan\u00fdm tvarem \u010do\u010dek s postranicemi, kter\u00e9 se automaticky samy p\u0159izp\u016fsob\u00ed, aby zajistily bezpe\u010dn\u00e9 a pohodln\u00e9 no\u0161en\u00ed.<\/p>\n","protected":false},"featured_media":350548,"template":"","meta":{"_acf_changed":false,"inline_featured_image":false},"product_brand":[],"product_cat":[2130,2129,2128],"product_tag":[1275],"class_list":{"0":"post-350546","1":"product","2":"type-product","3":"status-publish","4":"has-post-thumbnail","6":"product_cat-okuliare","7":"product_cat-ochrana-oci","8":"product_cat-ochranne-pomocky","9":"product_tag-3m","10":"pa_farba-cira","11":"pa_farba-cierna-zelena","12":"pa_farba-dymova","13":"pa_farba-zlta","14":"pa_velkost-st-5","16":"first","17":"instock","18":"taxable","19":"shipping-taxable","20":"purchasable","21":"product-type-variable"},"acf":[],"_links":{"self":[{"href":"https:\/\/gajos.sk\/eshop\/wp-json\/wp\/v2\/product\/350546","targetHints":{"allow":["GET"]}}],"collection":[{"href":"https:\/\/gajos.sk\/eshop\/wp-json\/wp\/v2\/product"}],"about":[{"href":"https:\/\/gajos.sk\/eshop\/wp-json\/wp\/v2\/types\/product"}],"wp:featuredmedia":[{"embeddable":true,"href":"https:\/\/gajos.sk\/eshop\/wp-json\/wp\/v2\/media\/350548"}],"wp:attachment":[{"href":"https:\/\/gajos.sk\/eshop\/wp-json\/wp\/v2\/media?parent=350546"}],"wp:term":[{"taxonomy":"product_brand","embeddable":true,"href":"https:\/\/gajos.sk\/eshop\/wp-json\/wp\/v2\/product_brand?post=350546"},{"taxonomy":"product_cat","embeddable":true,"href":"https:\/\/gajos.sk\/eshop\/wp-json\/wp\/v2\/product_cat?post=350546"},{"taxonomy":"product_tag","embeddable":true,"href":"https:\/\/gajos.sk\/eshop\/wp-json\/wp\/v2\/product_tag?post=350546"}],"curies":[{"name":"wp","href":"https:\/\/api.w.org\/{rel}","templated":true}]}}